{"id":91,"date":"2024-11-24T21:23:38","date_gmt":"2024-11-24T20:23:38","guid":{"rendered":"https:\/\/new.cantorama.ch\/?page_id=91"},"modified":"2025-02-03T15:52:21","modified_gmt":"2025-02-03T14:52:21","slug":"alte-kur","status":"publish","type":"page","link":"https:\/\/www.cantorama.ch\/fr\/le-cantorama\/ancienne-cure\/","title":{"rendered":"Ancienne Cure"},"content":{"rendered":"\r\n<h1 class=\"wp-block-heading has-text-align-center\">L&rsquo;Ancienne Cure<\/h1>\r\n\r\n\r\n\r\n<div class=\"wp-block-columns is-layout-flex wp-container-core-columns-is-layout-28f84493 wp-block-columns-is-layout-flex\">\r\n<div class=\"wp-block-column is-layout-flow wp-block-column-is-layout-flow\">\r\n<p>L&rsquo;ancienne cure de Bellegarde,&nbsp;<em>Alte Kur<\/em>, est la plus vieille des quatre cures encore existantes. Elle se trouve en bordure de l\u2019ancien chemin de la vall\u00e9e, au sud-ouest du Cantorama actuel. La maison a \u00e9t\u00e9 construite en 1555 par l&rsquo;architecte Christen N\u00fchhus. De 1731 \u00e0 1733, elle a \u00e9t\u00e9 agrandie et c\u2019est en 1838 que la toiture fut recouverte de bardeaux. Apr\u00e8s que ce b\u00e2timent eut servi pendant 130 ans de presbyt\u00e8re, il devint une propri\u00e9t\u00e9 priv\u00e9e en 1864. D\u2019abord, il a appartenu \u00e0 la famille du chanoine Athanas Th\u00fcrler et, actuellement, il figure sur&nbsp;<em>l\u2019Inventaire f\u00e9d\u00e9ral des sites construits \u00e0 prot\u00e9ger.<\/em><br \/>En 1996, la fondation de l\u2019Ancienne Eglise de Jaun put acqu\u00e9rir ce bien immobilier pour Fr 30&rsquo;000.-<\/p>\r\n\r\n\r\n\r\n<p>Apr\u00e8s l&rsquo;achat du b\u00e2timent, les travaux de r\u00e9fection les plus urgents ont \u00e9t\u00e9 projet\u00e9s et effectu\u00e9s en deux \u00e9tapes, jusqu&rsquo;en 2003.<br \/>En premier lieu, les canalisations et le raccordement \u00e0 la STEP ont \u00e9t\u00e9 r\u00e9alis\u00e9s. En m\u00eame temps, le sous-sol a \u00e9t\u00e9 am\u00e9nag\u00e9 avec des WC et un vestiaire.<\/p>\r\n\r\n\r\n\r\n<p>Dans la deuxi\u00e8me \u00e9tape, la maison a \u00e9t\u00e9 recouverte de tuiles. Pour des raisons de co\u00fbt, on a renonc\u00e9 \u00e0 l&rsquo;utilisation de tavillons et le toit de la grange n&rsquo;a \u00e9t\u00e9 que partiellement r\u00e9nov\u00e9. La facture globale, y compris l\u2019achat de la maison et les frais de notaire, s\u2019est \u00e9l\u00e8v\u00e9e \u00e0 environ Fr 202&rsquo;000.-<br \/>Gr\u00e2ce \u00e0 des parrainages et au soutien de diff\u00e9rentes fondations, gr\u00e2ce \u00e0 la Loterie Romande, \u00e0 la Migros et \u00e0 la Conservation du patrimoine, gr\u00e2ce enfin \u00e0 la g\u00e9n\u00e9rosit\u00e9 des donateurs, la somme n\u00e9cessaire a pu \u00eatre r\u00e9unie. De cette fa\u00e7on, le financement de cette premi\u00e8re grande r\u00e9novation a \u00e9t\u00e9 garanti.<\/p>\r\n<\/div>\r\n\r\n\r\n\r\n<div class=\"wp-block-column is-layout-flow wp-block-column-is-layout-flow\">\r\n<figure class=\"wp-block-image size-full\"><a href=\"https:\/\/www.cantorama.ch\/wp-content\/uploads\/2024\/11\/die-alte-Kur-01.jpg\" target=\"_blank\" rel=\"noreferrer noopener\"><img loading=\"lazy\" decoding=\"async\" width=\"1920\" height=\"1200\" class=\"wp-image-94\" src=\"https:\/\/www.cantorama.ch\/wp-content\/uploads\/2024\/11\/die-alte-Kur-01.jpg\" alt=\"\" srcset=\"https:\/\/www.cantorama.ch\/wp-content\/uploads\/2024\/11\/die-alte-Kur-01.jpg 1920w, https:\/\/www.cantorama.ch\/wp-content\/uploads\/2024\/11\/die-alte-Kur-01-900x563.jpg 900w, https:\/\/www.cantorama.ch\/wp-content\/uploads\/2024\/11\/die-alte-Kur-01-768x480.jpg 768w, https:\/\/www.cantorama.ch\/wp-content\/uploads\/2024\/11\/die-alte-Kur-01-1536x960.jpg 1536w\" sizes=\"auto, (max-width: 1920px) 100vw, 1920px\" \/><\/a><\/figure>\r\n<\/div>\r\n<\/div>\r\n\r\n\r\n\r\n<div class=\"wp-block-columns are-vertically-aligned-center is-layout-flex wp-container-core-columns-is-layout-28f84493 wp-block-columns-is-layout-flex\">\r\n<div class=\"wp-block-column is-vertically-aligned-center is-layout-flow wp-block-column-is-layout-flow\">\r\n<figure class=\"wp-block-image size-large\"><a href=\"https:\/\/www.cantorama.ch\/wp-content\/uploads\/2024\/12\/Altes-Pfarrhaus-1.jpg\" target=\"_blank\" rel=\" noreferrer noopener\"><img decoding=\"async\" src=\"https:\/\/www.cantorama.ch\/wp-content\/uploads\/2024\/12\/Altes-Pfarrhaus-1.jpg\" alt=\"\"\/><\/a><\/figure>\r\n\r\n\r\n\r\n<h3 class=\"wp-block-heading has-text-align-center\">L&rsquo;Ancienne Cure<\/h3>\r\n<\/div>\r\n\r\n\r\n\r\n<div class=\"wp-block-column is-vertically-aligned-center is-layout-flow wp-block-column-is-layout-flow\">\r\n<figure class=\"wp-block-image size-large\"><a href=\"https:\/\/www.cantorama.ch\/wp-content\/uploads\/2024\/12\/Altes-Pfarrhaus-2.jpg\" target=\"_blank\" rel=\" noreferrer noopener\"><img decoding=\"async\" src=\"https:\/\/www.cantorama.ch\/wp-content\/uploads\/2024\/12\/Altes-Pfarrhaus-2.jpg\" alt=\"\"\/><\/a><\/figure>\r\n\r\n\r\n\r\n<h5 class=\"wp-block-heading has-text-align-center\"><strong>Ancienne Cure&nbsp;<\/strong>&nbsp;Lithographie de Fernand Jaquet de 1991<\/h5>\r\n<\/div>\r\n\r\n\r\n\r\n<div class=\"wp-block-column is-vertically-aligned-center is-layout-flow wp-block-column-is-layout-flow\">\r\n<h3 class=\"wp-block-heading has-text-align-center\">Liste des donateurs pour la r\u00e9novation de  l&rsquo;Ancienne Cure en l&rsquo;ann\u00e9e 2015 :<\/h3>\r\n\r\n\r\n\r\n<figure class=\"wp-block-image aligncenter size-large is-resized\"><a href=\"https:\/\/www.cantorama.ch\/wp-content\/uploads\/2024\/12\/Spenderliste-Renovation-der-Alten-Kur-Jaun.pdf\" target=\"_blank\" rel=\" noreferrer noopener\"><img decoding=\"async\" src=\"https:\/\/www.cantorama.ch\/wp-content\/uploads\/2024\/12\/logo-pdf.png\" alt=\"\" style=\"width:120px\"\/><\/a><\/figure>\r\n<\/div>\r\n<\/div>\r\n\r\n\r\n\r\n<p><\/p>\r\n","protected":false},"excerpt":{"rendered":"<p>L&rsquo;Ancienne Cure L&rsquo;ancienne cure de Bellegarde,&nbsp;Alte Kur, est la plus vieille des quatre cures encore existantes. Elle se trouve en [&hellip;]<\/p>\n","protected":false},"author":3,"featured_media":0,"parent":273,"menu_order":3003,"comment_status":"closed","ping_status":"closed","template":"","meta":{"site-sidebar-layout":"default","site-content-layout":"","ast-site-content-layout":"","site-content-style":"default","site-sidebar-style":"default","ast-global-header-display":"","ast-banner-title-visibility":"","ast-main-header-display":"","ast-hfb-above-header-display":"","ast-hfb-below-header-display":"","ast-hfb-mobile-header-display":"","site-post-title":"disabled","ast-breadcrumbs-content":"","ast-featured-img":"","footer-sml-layout":"","theme-transparent-header-meta":"","adv-header-id-meta":"","stick-header-meta":"","header-above-stick-meta":"","header-main-stick-meta":"","header-below-stick-meta":"","astra-migrate-meta-layouts":"default","ast-page-background-enabled":"default","ast-page-background-meta":{"desktop":{"background-color":"var(--ast-global-color-4)","background-image":"","background-repeat":"repeat","background-position":"center center","background-size":"auto","background-attachment":"scroll","background-type":"","background-media":"","overlay-type":"","overlay-color":"","overlay-opacity":"","overlay-gradient":""},"tablet":{"background-color":"","background-image":"","background-repeat":"repeat","background-position":"center center","background-size":"auto","background-attachment":"scroll","background-type":"","background-media":"","overlay-type":"","overlay-color":"","overlay-opacity":"","overlay-gradient":""},"mobile":{"background-color":"","background-image":"","background-repeat":"repeat","background-position":"center center","background-size":"auto","background-attachment":"scroll","background-type":"","background-media":"","overlay-type":"","overlay-color":"","overlay-opacity":"","overlay-gradient":""}},"ast-content-background-meta":{"desktop":{"background-color":"var(--ast-global-color-5)","background-image":"","background-repeat":"repeat","background-position":"center center","background-size":"auto","background-attachment":"scroll","background-type":"","background-media":"","overlay-type":"","overlay-color":"","overlay-opacity":"","overlay-gradient":""},"tablet":{"background-color":"var(--ast-global-color-5)","background-image":"","background-repeat":"repeat","background-position":"center center","background-size":"auto","background-attachment":"scroll","background-type":"","background-media":"","overlay-type":"","overlay-color":"","overlay-opacity":"","overlay-gradient":""},"mobile":{"background-color":"var(--ast-global-color-5)","background-image":"","background-repeat":"repeat","background-position":"center center","background-size":"auto","background-attachment":"scroll","background-type":"","background-media":"","overlay-type":"","overlay-color":"","overlay-opacity":"","overlay-gradient":""}},"ngg_post_thumbnail":0,"footnotes":""},"class_list":["post-91","page","type-page","status-publish","hentry"],"featured_image_src":null,"publishpress_future_action":{"enabled":false,"date":"2026-05-01 14:15:17","action":"change-status","newStatus":"draft","terms":[],"taxonomy":"language","extraData":[]},"publishpress_future_workflow_manual_trigger":{"enabledWorkflows":[]},"_links":{"self":[{"href":"https:\/\/www.cantorama.ch\/fr\/wp-json\/wp\/v2\/pages\/91","targetHints":{"allow":["GET"]}}],"collection":[{"href":"https:\/\/www.cantorama.ch\/fr\/wp-json\/wp\/v2\/pages"}],"about":[{"href":"https:\/\/www.cantorama.ch\/fr\/wp-json\/wp\/v2\/types\/page"}],"author":[{"embeddable":true,"href":"https:\/\/www.cantorama.ch\/fr\/wp-json\/wp\/v2\/users\/3"}],"replies":[{"embeddable":true,"href":"https:\/\/www.cantorama.ch\/fr\/wp-json\/wp\/v2\/comments?post=91"}],"version-history":[{"count":0,"href":"https:\/\/www.cantorama.ch\/fr\/wp-json\/wp\/v2\/pages\/91\/revisions"}],"up":[{"embeddable":true,"href":"https:\/\/www.cantorama.ch\/fr\/wp-json\/wp\/v2\/pages\/273"}],"wp:attachment":[{"href":"https:\/\/www.cantorama.ch\/fr\/wp-json\/wp\/v2\/media?parent=91"}],"curies":[{"name":"wp","href":"https:\/\/api.w.org\/{rel}","templated":true}]}}