{"id":77,"date":"2024-11-24T10:25:37","date_gmt":"2024-11-24T09:25:37","guid":{"rendered":"https:\/\/new.cantorama.ch\/?page_id=77"},"modified":"2025-05-19T17:52:47","modified_gmt":"2025-05-19T15:52:47","slug":"freunde-des-cantorama","status":"publish","type":"page","link":"https:\/\/www.cantorama.ch\/fr\/amis-du-cantorama\/","title":{"rendered":"Amis du Cantorama"},"content":{"rendered":"\r\n<h1 class=\"wp-block-heading has-text-align-center\">Soci\u00e9t\u00e9 Les Amis du Cantorama Jaun<\/h1>\r\n\r\n\r\n\r\n<div class=\"wp-block-columns is-layout-flex wp-container-core-columns-is-layout-28f84493 wp-block-columns-is-layout-flex\">\r\n<div class=\"wp-block-column is-layout-flow wp-block-column-is-layout-flow\" style=\"flex-basis: 66.66%;\">\r\n<p>La soci\u00e9t\u00e9 <strong>Les Amis du Cantorama<\/strong> a pour but de soutenir les activit\u00e9s du Cantorama. Ses moyens sont mis \u00e0 disposition pour contribuer au d\u00e9veloppement de la Maison du Chant Fribourgeois, notamment par un programme vari\u00e9 et des concerts de qualit\u00e9. Pour soutenir le Cantorama, l&rsquo;association dispose des cotisations de ses membres, des contributions de ses bienfaiteurs ainsi que des dons. Chaque personne physique ou morale peut devenir membre.<\/p>\r\n\r\n\r\n\r\n<p>Il suffit de remplir le formulaire ci-dessous et de payer la cotisation de Fr. 35.- par membre, de Fr. 55.- par couple et de Fr. 50.- pour une soci\u00e9t\u00e9 ou une personne juridique.<\/p>\r\n\r\n\r\n\r\n<p>Un grand merci pour chaque versement (cotisation, don) qui sera fait au b\u00e9n\u00e9fice des Amis du Cantorama aupr\u00e8s de la banque Raiffeisen \u00e0 Jaun. <br \/>(IBAN: CH19 8080 8004 1778 7968 1)<\/p>\r\n\r\n\r\n<\/div>\r\n<!-- \/wp:post-content -->\r\n\r\n<!-- wp:column {\"width\":\"33.33%\"} -->\r\n<div class=\"wp-block-column\" style=\"flex-basis: 33.33%;\"><!-- wp:image {\"id\":172,\"sizeSlug\":\"large\",\"linkDestination\":\"none\"} -->\r\n<figure class=\"wp-block-image size-large\"><img loading=\"lazy\" decoding=\"async\" width=\"1348\" height=\"1920\" class=\"wp-image-172\" src=\"https:\/\/www.cantorama.ch\/wp-content\/uploads\/2024\/12\/Cantorama_25-1348x1920.jpg\" alt=\"\" srcset=\"https:\/\/www.cantorama.ch\/wp-content\/uploads\/2024\/12\/Cantorama_25-1348x1920.jpg 1348w, https:\/\/www.cantorama.ch\/wp-content\/uploads\/2024\/12\/Cantorama_25-632x900.jpg 632w, https:\/\/www.cantorama.ch\/wp-content\/uploads\/2024\/12\/Cantorama_25-768x1094.jpg 768w, https:\/\/www.cantorama.ch\/wp-content\/uploads\/2024\/12\/Cantorama_25-1078x1536.jpg 1078w, https:\/\/www.cantorama.ch\/wp-content\/uploads\/2024\/12\/Cantorama_25-1438x2048.jpg 1438w, https:\/\/www.cantorama.ch\/wp-content\/uploads\/2024\/12\/Cantorama_25-scaled.jpg 1797w\" sizes=\"auto, (max-width: 1348px) 100vw, 1348px\" \/><\/figure>\r\n<!-- \/wp:image --><\/div>\r\n<!-- \/wp:column --><\/div>\r\n<!-- \/wp:columns -->\r\n\r\n<!-- wp:columns -->\r\n<div class=\"wp-block-columns\"><!-- wp:column {\"width\":\"35%\"} -->\r\n<div class=\"wp-block-column\" style=\"flex-basis:35%\"><!-- wp:heading {\"textAlign\":\"center\",\"level\":3} -->\r\n<h3 class=\"wp-block-heading has-text-align-center\">Inscription \u00e0 la Soci\u00e9t\u00e9 des Amis&nbsp;<br \/>du Cantorama<\/h3>\r\n<!-- \/wp:heading -->\r\n\r\n<!-- wp:spacer {\"height\":\"15px\"} -->\r\n<div style=\"height:15px\" aria-hidden=\"true\" class=\"wp-block-spacer\"><\/div>\r\n<!-- \/wp:spacer -->\r\n\r\n<!-- wp:paragraph {\"align\":\"center\"} -->\r\n<p class=\"has-text-align-center\">(*) champs obligatoires<\/p>\r\n<!-- \/wp:paragraph -->\r\n\r\n<!-- wp:spacer {\"height\":\"25px\"} -->\r\n<div style=\"height:25px\" aria-hidden=\"true\" class=\"wp-block-spacer\"><\/div>\r\n<!-- \/wp:spacer -->\r\n\r\n<!-- wp:heading {\"textAlign\":\"center\",\"level\":4} -->\r\n<h4 class=\"wp-block-heading has-text-align-center\"><strong> <\/strong><\/h4>\r\n<!-- \/wp:heading -->\r\n\r\n<!-- wp:paragraph {\"align\":\"center\"} -->\r\n<p class=\"has-text-align-center\"> <\/p>\r\n<!-- \/wp:paragraph -->\r\n\r\n<!-- wp:paragraph {\"align\":\"center\"} -->\r\n<p class=\"has-text-align-center\"><strong> <\/strong><\/a><\/p>\r\n<!-- \/wp:paragraph --><\/div>\r\n<!-- \/wp:column -->\r\n\r\n<!-- wp:column {\"width\":\"60%\"} -->\r\n<div class=\"wp-block-column\" style=\"flex-basis:60%\"><!-- wp:contact-form-7\/contact-form-selector {\"id\":1123,\"hash\":\"58809eb\",\"title\":\"Inscription\"} -->\r\n<div class=\"wp-block-contact-form-7-contact-form-selector\">\n<div class=\"wpcf7 no-js\" id=\"wpcf7-f1123-o1\" lang=\"de-CH\" dir=\"ltr\" data-wpcf7-id=\"1123\">\n<div class=\"screen-reader-response\"><p role=\"status\" aria-live=\"polite\" aria-atomic=\"true\"><\/p> <ul><\/ul><\/div>\n<form action=\"\/fr\/wp-json\/wp\/v2\/pages\/77#wpcf7-f1123-o1\" method=\"post\" class=\"wpcf7-form init cf7skins cf7s-wild-west\" aria-label=\"Contact form\" novalidate=\"novalidate\" data-status=\"init\">\n<fieldset class=\"hidden-fields-container\"><input type=\"hidden\" name=\"_wpcf7\" value=\"1123\" \/><input type=\"hidden\" name=\"_wpcf7_version\" value=\"6.1.5\" \/><input type=\"hidden\" name=\"_wpcf7_locale\" value=\"de_CH\" \/><input type=\"hidden\" name=\"_wpcf7_unit_tag\" value=\"wpcf7-f1123-o1\" \/><input type=\"hidden\" name=\"_wpcf7_container_post\" value=\"0\" \/><input type=\"hidden\" name=\"_wpcf7_posted_data_hash\" value=\"\" \/>\n<\/fieldset>\n<fieldset>\n\t<legend>Formulaire d'inscription :<\/legend>\n\t<ol>\n\t\t<li><label for=''>Pr\u00e9nom : <em class=\"cf7s-reqd\">*<\/em> <\/label><span class=\"wpcf7-form-control-wrap\" data-name=\"vorname\"><input size=\"40\" maxlength=\"400\" class=\"wpcf7-form-control wpcf7-text wpcf7-validates-as-required\" aria-required=\"true\" aria-invalid=\"false\" value=\"\" type=\"text\" name=\"vorname\" \/><\/span><\/li>\n\t\t<li><label for=''>Nom : <em class=\"cf7s-reqd\">*<\/em> <\/label><span class=\"wpcf7-form-control-wrap\" data-name=\"name\"><input size=\"40\" maxlength=\"400\" class=\"wpcf7-form-control wpcf7-text wpcf7-validates-as-required\" aria-required=\"true\" aria-invalid=\"false\" value=\"\" type=\"text\" name=\"name\" \/><\/span><\/li>\n\t\t<li><label for=''>Rue et no : <em class=\"cf7s-reqd\">*<\/em> <\/label><span class=\"wpcf7-form-control-wrap\" data-name=\"strasse\"><input size=\"40\" maxlength=\"400\" class=\"wpcf7-form-control wpcf7-text wpcf7-validates-as-required\" aria-required=\"true\" aria-invalid=\"false\" value=\"\" type=\"text\" name=\"strasse\" \/><\/span><\/li>\n\t\t<li><label for=''>Code postal : <em class=\"cf7s-reqd\">*<\/em> <\/label><span class=\"wpcf7-form-control-wrap\" data-name=\"plz\"><input size=\"40\" maxlength=\"400\" class=\"wpcf7-form-control wpcf7-text wpcf7-validates-as-required\" aria-required=\"true\" aria-invalid=\"false\" value=\"\" type=\"text\" name=\"plz\" \/><\/span><\/li>\n\t\t<li><label for=''>Localit\u00e9 : <em class=\"cf7s-reqd\">*<\/em> <\/label><span class=\"wpcf7-form-control-wrap\" data-name=\"wohnort\"><input size=\"40\" maxlength=\"400\" class=\"wpcf7-form-control wpcf7-text wpcf7-validates-as-required\" aria-required=\"true\" aria-invalid=\"false\" value=\"\" type=\"text\" name=\"wohnort\" \/><\/span><\/li>\n\t\t<li><label for=''>T\u00e9l\u00e9phone : <em class=\"cf7s-reqd\">*<\/em> <\/label><span class=\"wpcf7-form-control-wrap\" data-name=\"telefon\"><input size=\"40\" maxlength=\"400\" class=\"wpcf7-form-control wpcf7-text wpcf7-validates-as-required\" aria-required=\"true\" aria-invalid=\"false\" value=\"\" type=\"text\" name=\"telefon\" \/><\/span><\/li>\n\t\t<li><label for=''>E-Mail : <em class=\"cf7s-reqd\">*<\/em> <\/label><span class=\"wpcf7-form-control-wrap\" data-name=\"your-email\"><input size=\"40\" maxlength=\"400\" class=\"wpcf7-form-control wpcf7-email wpcf7-validates-as-required wpcf7-text wpcf7-validates-as-email\" aria-required=\"true\" aria-invalid=\"false\" value=\"\" type=\"email\" name=\"your-email\" \/><\/span><\/li>\n\t\t<li><label for=''>Communication\/Message : <\/label><span class=\"wpcf7-form-control-wrap\" data-name=\"message\"><textarea cols=\"40\" rows=\"10\" maxlength=\"2000\" class=\"wpcf7-form-control wpcf7-textarea\" aria-invalid=\"false\" name=\"message\"><\/textarea><\/span><\/li>\n\t<\/ol>\n<\/fieldset>\n<ol>\n\t<li><label for=''>Question de s\u00e9curit\u00e9 : <\/label><span class=\"wpcf7-form-control-wrap\" data-name=\"sicherheit\"><label><span class=\"wpcf7-quiz-label\">Combien de jours y a-t-il dans une semaine ?<\/span> <input size=\"40\" class=\"wpcf7-form-control wpcf7-quiz\" autocomplete=\"off\" aria-required=\"true\" aria-invalid=\"false\" type=\"text\" name=\"sicherheit\" \/><\/label><input type=\"hidden\" name=\"_wpcf7_quiz_answer_sicherheit\" value=\"5df54d1d40e20f1dac415d41f40b705c\" \/><\/span><\/li>\n<\/ol>\n<input class=\"wpcf7-form-control wpcf7-submit has-spinner\" type=\"submit\" value=\"Envoyer\" \/><div class=\"wpcf7-response-output\" aria-hidden=\"true\"><\/div>\n<\/form>\n<\/div>\n<\/div>\r\n<!-- \/wp:contact-form-7\/contact-form-selector --><\/div>\r\n<!-- \/wp:column --><\/div>\r\n<!-- \/wp:columns -->\r\n\r\n<!-- wp:paragraph -->\r\n<p><\/p>\r\n<!-- \/wp:paragraph -->","protected":false},"excerpt":{"rendered":"<p>Soci\u00e9t\u00e9 Les Amis du Cantorama Jaun La soci\u00e9t\u00e9 Les Amis du Cantorama a pour but de soutenir les activit\u00e9s du [&hellip;]<\/p>\n","protected":false},"author":3,"featured_media":0,"parent":0,"menu_order":50,"comment_status":"closed","ping_status":"closed","template":"","meta":{"site-sidebar-layout":"default","site-content-layout":"","ast-site-content-layout":"","site-content-style":"default","site-sidebar-style":"default","ast-global-header-display":"","ast-banner-title-visibility":"","ast-main-header-display":"","ast-hfb-above-header-display":"","ast-hfb-below-header-display":"","ast-hfb-mobile-header-display":"","site-post-title":"disabled","ast-breadcrumbs-content":"","ast-featured-img":"","footer-sml-layout":"","theme-transparent-header-meta":"","adv-header-id-meta":"","stick-header-meta":"","header-above-stick-meta":"","header-main-stick-meta":"","header-below-stick-meta":"","astra-migrate-meta-layouts":"default","ast-page-background-enabled":"default","ast-page-background-meta":{"desktop":{"background-color":"var(--ast-global-color-4)","background-image":"","background-repeat":"repeat","background-position":"center center","background-size":"auto","background-attachment":"scroll","background-type":"","background-media":"","overlay-type":"","overlay-color":"","overlay-opacity":"","overlay-gradient":""},"tablet":{"background-color":"","background-image":"","background-repeat":"repeat","background-position":"center center","background-size":"auto","background-attachment":"scroll","background-type":"","background-media":"","overlay-type":"","overlay-color":"","overlay-opacity":"","overlay-gradient":""},"mobile":{"background-color":"","background-image":"","background-repeat":"repeat","background-position":"center center","background-size":"auto","background-attachment":"scroll","background-type":"","background-media":"","overlay-type":"","overlay-color":"","overlay-opacity":"","overlay-gradient":""}},"ast-content-background-meta":{"desktop":{"background-color":"var(--ast-global-color-5)","background-image":"","background-repeat":"repeat","background-position":"center center","background-size":"auto","background-attachment":"scroll","background-type":"","background-media":"","overlay-type":"","overlay-color":"","overlay-opacity":"","overlay-gradient":""},"tablet":{"background-color":"var(--ast-global-color-5)","background-image":"","background-repeat":"repeat","background-position":"center center","background-size":"auto","background-attachment":"scroll","background-type":"","background-media":"","overlay-type":"","overlay-color":"","overlay-opacity":"","overlay-gradient":""},"mobile":{"background-color":"var(--ast-global-color-5)","background-image":"","background-repeat":"repeat","background-position":"center center","background-size":"auto","background-attachment":"scroll","background-type":"","background-media":"","overlay-type":"","overlay-color":"","overlay-opacity":"","overlay-gradient":""}},"ngg_post_thumbnail":0,"footnotes":""},"class_list":["post-77","page","type-page","status-publish","hentry"],"featured_image_src":null,"publishpress_future_action":{"enabled":false,"date":"2026-04-16 17:23:24","action":"change-status","newStatus":"draft","terms":[],"taxonomy":"language","extraData":[]},"publishpress_future_workflow_manual_trigger":{"enabledWorkflows":[]},"_links":{"self":[{"href":"https:\/\/www.cantorama.ch\/fr\/wp-json\/wp\/v2\/pages\/77","targetHints":{"allow":["GET"]}}],"collection":[{"href":"https:\/\/www.cantorama.ch\/fr\/wp-json\/wp\/v2\/pages"}],"about":[{"href":"https:\/\/www.cantorama.ch\/fr\/wp-json\/wp\/v2\/types\/page"}],"author":[{"embeddable":true,"href":"https:\/\/www.cantorama.ch\/fr\/wp-json\/wp\/v2\/users\/3"}],"replies":[{"embeddable":true,"href":"https:\/\/www.cantorama.ch\/fr\/wp-json\/wp\/v2\/comments?post=77"}],"version-history":[{"count":1,"href":"https:\/\/www.cantorama.ch\/fr\/wp-json\/wp\/v2\/pages\/77\/revisions"}],"predecessor-version":[{"id":2483,"href":"https:\/\/www.cantorama.ch\/fr\/wp-json\/wp\/v2\/pages\/77\/revisions\/2483"}],"wp:attachment":[{"href":"https:\/\/www.cantorama.ch\/fr\/wp-json\/wp\/v2\/media?parent=77"}],"curies":[{"name":"wp","href":"https:\/\/api.w.org\/{rel}","templated":true}]}}