{"id":745,"date":"2024-12-16T16:58:45","date_gmt":"2024-12-16T15:58:45","guid":{"rendered":"https:\/\/new.cantorama.ch\/?page_id=745"},"modified":"2025-04-18T10:41:02","modified_gmt":"2025-04-18T08:41:02","slug":"preise-und-abonnemente","status":"publish","type":"page","link":"https:\/\/www.cantorama.ch\/fr\/veranstaltungen-tickets\/prix-et-abonnements\/","title":{"rendered":"Prix et abonnements"},"content":{"rendered":"\r\n<h2 class=\"wp-block-heading has-text-align-center\">Bons cadeaux, \r\n abonnements et prix<\/h2>\r\n\r\n\r\n\r\n<div class=\"wp-block-columns is-layout-flex wp-container-core-columns-is-layout-28f84493 wp-block-columns-is-layout-flex\">\r\n<div class=\"wp-block-column is-layout-flow wp-block-column-is-layout-flow\">\r\n<p>Entr\u00e9e gratuite pour les enfants jusqu&rsquo;\u00e0 16 ans. Entr\u00e9e pour \u00e9tudiants avec pr\u00e9sentation de la carte d&rsquo;\u00e9tudiants CHF 15.-.<\/p>\r\n\r\n\r\n\r\n<p><strong>Pour la commande de bons cadeaux et d&rsquo;abonnements veuillez utiliser le formulaire ci-dessous.<\/strong><br>Pour la <em>r\u00e9servation de tickets et des places<\/em>, veuillez utiliser le menu \u00ab\u00a0<em>R\u00e9servation de tickets<\/em>\u00ab\u00a0.<\/p>\r\n\r\n\r\n\r\n<p><strong>Nous prions les titulaires de bons cadeaux et d&rsquo;abonnements de r\u00e9server les places avant chaque concert.<\/strong><\/p>\r\n\r\n\r\n\r\n<div class=\"wp-block-columns is-layout-flex wp-container-core-columns-is-layout-28f84493 wp-block-columns-is-layout-flex\">\r\n<div class=\"wp-block-column is-layout-flow wp-block-column-is-layout-flow\" style=\"flex-basis:15%\">\r\n<p>Renseignements:<\/p>\r\n<\/div>\r\n\r\n\r\n\r\n<div class=\"wp-block-column is-layout-flow wp-block-column-is-layout-flow\">\r\n<p><a href=\"mailto:sandra.schuwey@cantorama.ch\" target=\"_blank\" rel=\"noreferrer noopener nofollow\">sandra.schuwey@cantorama.ch<\/a><br>079 725 83 60<\/p>\r\n<\/div>\r\n\r\n\r\n\r\n<div class=\"wp-block-column is-layout-flow wp-block-column-is-layout-flow\"><\/div>\r\n<\/div>\r\n<\/div>\r\n<\/div>\r\n\r\n\r\n\r\n<div class=\"wp-block-columns is-layout-flex wp-container-core-columns-is-layout-28f84493 wp-block-columns-is-layout-flex\">\r\n<div class=\"wp-block-column is-layout-flow wp-block-column-is-layout-flow\">\r\n<div style=\"height:35px\" aria-hidden=\"true\" class=\"wp-block-spacer\"><\/div>\r\n\r\n\r\n\r\n<h3 class=\"wp-block-heading has-text-align-center\">Commande de bons cadeaux <br>et  d&rsquo;abonnements<\/h3>\r\n\r\n\r\n\r\n<div style=\"height:24px\" aria-hidden=\"true\" class=\"wp-block-spacer\"><\/div>\r\n\r\n\r\n\r\n<p class=\"has-text-align-center\">(*)  Champs obligatoires<\/p>\r\n<\/div>\r\n\r\n\r\n\r\n<div class=\"wp-block-column is-layout-flow wp-block-column-is-layout-flow\" style=\"flex-basis:60%\">\r\n<div class=\"wp-block-contact-form-7-contact-form-selector\">\n<div class=\"wpcf7 no-js\" id=\"wpcf7-f1114-o1\" lang=\"de-CH\" dir=\"ltr\" data-wpcf7-id=\"1114\">\n<div class=\"screen-reader-response\"><p role=\"status\" aria-live=\"polite\" aria-atomic=\"true\"><\/p> <ul><\/ul><\/div>\n<form action=\"\/fr\/wp-json\/wp\/v2\/pages\/745#wpcf7-f1114-o1\" method=\"post\" class=\"wpcf7-form init cf7skins cf7s-pina-colada\" aria-label=\"Contact form\" novalidate=\"novalidate\" data-status=\"init\">\n<fieldset class=\"hidden-fields-container\"><input type=\"hidden\" name=\"_wpcf7\" value=\"1114\" \/><input type=\"hidden\" name=\"_wpcf7_version\" value=\"6.1.5\" \/><input type=\"hidden\" name=\"_wpcf7_locale\" value=\"de_CH\" \/><input type=\"hidden\" name=\"_wpcf7_unit_tag\" value=\"wpcf7-f1114-o1\" \/><input type=\"hidden\" name=\"_wpcf7_container_post\" value=\"0\" \/><input type=\"hidden\" name=\"_wpcf7_posted_data_hash\" value=\"\" \/>\n<\/fieldset>\n<fieldset>\n\t<legend>Nos offres :<\/legend>\n\t<ol>\n\t\t<li><label for=''>Bon cadeau pour une entr\u00e9e (adulte) \u00e0 CHF 30.- <\/label><span class=\"wpcf7-form-control-wrap\" data-name=\"product-1\"><input class=\"wpcf7-form-control wpcf7-number wpcf7-validates-as-number\" max=\"99\" aria-invalid=\"false\" value=\"0\" type=\"number\" name=\"product-1\" \/><\/span><\/li>\n\t\t<li><label for=''>Bon cadeau pour une entr\u00e9e (s\u00e9nior) \u00e0 CHF 25.- <\/label><span class=\"wpcf7-form-control-wrap\" data-name=\"product-2\"><input class=\"wpcf7-form-control wpcf7-number wpcf7-validates-as-number\" max=\"99\" aria-invalid=\"false\" value=\"0\" type=\"number\" name=\"product-2\" \/><\/span><\/li>\n\t\t<li><label for=''>Bon cadeau pour une entr\u00e9e (\u00e9tudiant ou apprenti) \u00e0 CHF 15.- <\/label><span class=\"wpcf7-form-control-wrap\" data-name=\"product-3\"><input class=\"wpcf7-form-control wpcf7-number wpcf7-validates-as-number\" max=\"99\" aria-invalid=\"false\" value=\"0\" type=\"number\" name=\"product-3\" \/><\/span><\/li>\n\t\t<li><label for=''>Abonnement adulte : 4 concerts \u00e0 choix \u00e0 CHF 100.- <\/label><span class=\"wpcf7-form-control-wrap\" data-name=\"product-4\"><input class=\"wpcf7-form-control wpcf7-number wpcf7-validates-as-number\" max=\"99\" aria-invalid=\"false\" value=\"0\" type=\"number\" name=\"product-4\" \/><\/span><\/li>\n\t\t<li><label for=''>Abonnement s\u00e9nior : 4 concerts \u00e0 choix \u00e0 CHF 80.- <\/label><span class=\"wpcf7-form-control-wrap\" data-name=\"product-5\"><input class=\"wpcf7-form-control wpcf7-number wpcf7-validates-as-number\" max=\"99\" aria-invalid=\"false\" value=\"0\" type=\"number\" name=\"product-5\" \/><\/span><\/li>\n\t\t<li><label for=''>Abonnement adulte : 6 concerts \u00e0 choix \u00e0 CHF 150.- <\/label><span class=\"wpcf7-form-control-wrap\" data-name=\"product-6\"><input class=\"wpcf7-form-control wpcf7-number wpcf7-validates-as-number\" max=\"99\" aria-invalid=\"false\" value=\"0\" type=\"number\" name=\"product-6\" \/><\/span><\/li>\n\t\t<li><label for=''>Abonnement s\u00e9nior : 6 concerts \u00e0 choix \u00e0 CHF 120.- <\/label><span class=\"wpcf7-form-control-wrap\" data-name=\"product-7\"><input class=\"wpcf7-form-control wpcf7-number wpcf7-validates-as-number\" max=\"99\" aria-invalid=\"false\" value=\"0\" type=\"number\" name=\"product-7\" \/><\/span><\/li>\n\t\t<li><label for=''>Abonnement adulte : tous les concerts (sauf RFI, collecte) \u00e0 CHF 230.- <\/label><span class=\"wpcf7-form-control-wrap\" data-name=\"product-8\"><input class=\"wpcf7-form-control wpcf7-number wpcf7-validates-as-number\" max=\"99\" aria-invalid=\"false\" value=\"0\" type=\"number\" name=\"product-8\" \/><\/span><\/li>\n\t\t<li><label for=''>Abonnement s\u00e9nior : tous les concerts (sauf RFI, collecte) \u00e0 CHF 180.- <\/label><span class=\"wpcf7-form-control-wrap\" data-name=\"product-9\"><input class=\"wpcf7-form-control wpcf7-number wpcf7-validates-as-number\" max=\"99\" aria-invalid=\"false\" value=\"0\" type=\"number\" name=\"product-9\" \/><\/span><\/li>\n\t<\/ol>\n\t<ol>\n\t\t<li><label for=''>Nom et pr\u00e9nom : <em class=\"cf7s-reqd\">*<\/em> <\/label><span class=\"wpcf7-form-control-wrap\" data-name=\"name-vorname\"><input size=\"40\" maxlength=\"400\" class=\"wpcf7-form-control wpcf7-text wpcf7-validates-as-required\" aria-required=\"true\" aria-invalid=\"false\" value=\"\" type=\"text\" name=\"name-vorname\" \/><\/span><\/li>\n\t\t<li><label for=''>Rue et no : <em class=\"cf7s-reqd\">*<\/em> <\/label><span class=\"wpcf7-form-control-wrap\" data-name=\"strasse\"><input size=\"40\" maxlength=\"400\" class=\"wpcf7-form-control wpcf7-text wpcf7-validates-as-required\" aria-required=\"true\" aria-invalid=\"false\" value=\"\" type=\"text\" name=\"strasse\" \/><\/span><\/li>\n\t\t<li><label for=''>Code postal : <em class=\"cf7s-reqd\">*<\/em> <\/label><span class=\"wpcf7-form-control-wrap\" data-name=\"plz\"><input size=\"40\" maxlength=\"400\" class=\"wpcf7-form-control wpcf7-text wpcf7-validates-as-required\" aria-required=\"true\" aria-invalid=\"false\" value=\"\" type=\"text\" name=\"plz\" \/><\/span><\/li>\n\t\t<li><label for=''>Localit\u00e9 : <em class=\"cf7s-reqd\">*<\/em> <\/label><span class=\"wpcf7-form-control-wrap\" data-name=\"wohnort\"><input size=\"40\" maxlength=\"400\" class=\"wpcf7-form-control wpcf7-text wpcf7-validates-as-required\" aria-required=\"true\" aria-invalid=\"false\" value=\"\" type=\"text\" name=\"wohnort\" \/><\/span><\/li>\n\t\t<li><label for=''>T\u00e9l\u00e9phone : <em class=\"cf7s-reqd\">*<\/em> <\/label><span class=\"wpcf7-form-control-wrap\" data-name=\"telefon\"><input size=\"40\" maxlength=\"400\" class=\"wpcf7-form-control wpcf7-text wpcf7-validates-as-required\" aria-required=\"true\" aria-invalid=\"false\" value=\"\" type=\"text\" name=\"telefon\" \/><\/span><\/li>\n\t\t<li><label for=''>E-Mail: <em class=\"cf7s-reqd\">*<\/em> <\/label><span class=\"wpcf7-form-control-wrap\" data-name=\"your-email\"><input size=\"40\" maxlength=\"400\" class=\"wpcf7-form-control wpcf7-email wpcf7-validates-as-required wpcf7-text wpcf7-validates-as-email\" aria-required=\"true\" aria-invalid=\"false\" value=\"\" type=\"email\" name=\"your-email\" \/><\/span><\/li>\n\t\t<li><label for=''>Message : <\/label><span class=\"wpcf7-form-control-wrap\" data-name=\"message\"><textarea cols=\"40\" rows=\"10\" maxlength=\"2000\" class=\"wpcf7-form-control wpcf7-textarea\" aria-invalid=\"false\" name=\"message\"><\/textarea><\/span><\/li>\n\t<\/ol>\n<\/fieldset>\n<ol>\n\t<li><label for=''>Question de s\u00e9curit\u00e9 : <\/label><span class=\"wpcf7-form-control-wrap\" data-name=\"sicherheit\"><label><span class=\"wpcf7-quiz-label\">Combien de jours y a-t-il dans une semaine ?<\/span> <input size=\"40\" class=\"wpcf7-form-control wpcf7-quiz\" autocomplete=\"off\" aria-required=\"true\" aria-invalid=\"false\" type=\"text\" name=\"sicherheit\" \/><\/label><input type=\"hidden\" name=\"_wpcf7_quiz_answer_sicherheit\" value=\"5df54d1d40e20f1dac415d41f40b705c\" \/><\/span><\/li>\n<\/ol>\n<input class=\"wpcf7-form-control wpcf7-submit has-spinner\" type=\"submit\" value=\"Envoyer\" \/><div class=\"wpcf7-response-output\" aria-hidden=\"true\"><\/div>\n<\/form>\n<\/div>\n<\/div>\r\n<\/div>\r\n<\/div>\r\n","protected":false},"excerpt":{"rendered":"<p>Bons cadeaux, abonnements et prix Entr\u00e9e gratuite pour les enfants jusqu&rsquo;\u00e0 16 ans. Entr\u00e9e pour \u00e9tudiants avec pr\u00e9sentation de la [&hellip;]<\/p>\n","protected":false},"author":3,"featured_media":0,"parent":48,"menu_order":2001,"comment_status":"closed","ping_status":"closed","template":"","meta":{"site-sidebar-layout":"default","site-content-layout":"","ast-site-content-layout":"","site-content-style":"default","site-sidebar-style":"default","ast-global-header-display":"","ast-banner-title-visibility":"","ast-main-header-display":"","ast-hfb-above-header-display":"","ast-hfb-below-header-display":"","ast-hfb-mobile-header-display":"","site-post-title":"disabled","ast-breadcrumbs-content":"","ast-featured-img":"","footer-sml-layout":"","theme-transparent-header-meta":"","adv-header-id-meta":"","stick-header-meta":"","header-above-stick-meta":"","header-main-stick-meta":"","header-below-stick-meta":"","astra-migrate-meta-layouts":"default","ast-page-background-enabled":"default","ast-page-background-meta":{"desktop":{"background-color":"var(--ast-global-color-4)","background-image":"","background-repeat":"repeat","background-position":"center center","background-size":"auto","background-attachment":"scroll","background-type":"","background-media":"","overlay-type":"","overlay-color":"","overlay-opacity":"","overlay-gradient":""},"tablet":{"background-color":"","background-image":"","background-repeat":"repeat","background-position":"center center","background-size":"auto","background-attachment":"scroll","background-type":"","background-media":"","overlay-type":"","overlay-color":"","overlay-opacity":"","overlay-gradient":""},"mobile":{"background-color":"","background-image":"","background-repeat":"repeat","background-position":"center center","background-size":"auto","background-attachment":"scroll","background-type":"","background-media":"","overlay-type":"","overlay-color":"","overlay-opacity":"","overlay-gradient":""}},"ast-content-background-meta":{"desktop":{"background-color":"var(--ast-global-color-5)","background-image":"","background-repeat":"repeat","background-position":"center center","background-size":"auto","background-attachment":"scroll","background-type":"","background-media":"","overlay-type":"","overlay-color":"","overlay-opacity":"","overlay-gradient":""},"tablet":{"background-color":"var(--ast-global-color-5)","background-image":"","background-repeat":"repeat","background-position":"center center","background-size":"auto","background-attachment":"scroll","background-type":"","background-media":"","overlay-type":"","overlay-color":"","overlay-opacity":"","overlay-gradient":""},"mobile":{"background-color":"var(--ast-global-color-5)","background-image":"","background-repeat":"repeat","background-position":"center center","background-size":"auto","background-attachment":"scroll","background-type":"","background-media":"","overlay-type":"","overlay-color":"","overlay-opacity":"","overlay-gradient":""}},"ngg_post_thumbnail":0,"footnotes":""},"class_list":["post-745","page","type-page","status-publish","hentry"],"featured_image_src":null,"publishpress_future_action":{"enabled":false,"date":"2026-04-30 06:16:16","action":"change-status","newStatus":"draft","terms":[],"taxonomy":"language","extraData":[]},"publishpress_future_workflow_manual_trigger":{"enabledWorkflows":[]},"_links":{"self":[{"href":"https:\/\/www.cantorama.ch\/fr\/wp-json\/wp\/v2\/pages\/745","targetHints":{"allow":["GET"]}}],"collection":[{"href":"https:\/\/www.cantorama.ch\/fr\/wp-json\/wp\/v2\/pages"}],"about":[{"href":"https:\/\/www.cantorama.ch\/fr\/wp-json\/wp\/v2\/types\/page"}],"author":[{"embeddable":true,"href":"https:\/\/www.cantorama.ch\/fr\/wp-json\/wp\/v2\/users\/3"}],"replies":[{"embeddable":true,"href":"https:\/\/www.cantorama.ch\/fr\/wp-json\/wp\/v2\/comments?post=745"}],"version-history":[{"count":0,"href":"https:\/\/www.cantorama.ch\/fr\/wp-json\/wp\/v2\/pages\/745\/revisions"}],"up":[{"embeddable":true,"href":"https:\/\/www.cantorama.ch\/fr\/wp-json\/wp\/v2\/pages\/48"}],"wp:attachment":[{"href":"https:\/\/www.cantorama.ch\/fr\/wp-json\/wp\/v2\/media?parent=745"}],"curies":[{"name":"wp","href":"https:\/\/api.w.org\/{rel}","templated":true}]}}