{"id":74,"date":"2024-11-24T10:21:27","date_gmt":"2024-11-24T09:21:27","guid":{"rendered":"https:\/\/new.cantorama.ch\/?page_id=74"},"modified":"2026-01-12T20:47:56","modified_gmt":"2026-01-12T19:47:56","slug":"ueber-uns","status":"publish","type":"page","link":"https:\/\/www.cantorama.ch\/fr\/ueber-uns\/","title":{"rendered":"Pr\u00e9sentation"},"content":{"rendered":"\r\n<h1 class=\"wp-block-heading alignwide has-text-align-center\">Pr\u00e9sentation &#8211; Les organes<\/h1>\r\n\r\n\r\n\r\n<div class=\"wp-block-columns is-layout-flex wp-container-core-columns-is-layout-28f84493 wp-block-columns-is-layout-flex\">\r\n<div class=\"wp-block-column has-ast-global-color-6-background-color has-background is-layout-flow wp-block-column-is-layout-flow\">\r\n<h3 class=\"wp-block-heading has-text-align-left\">Le conseil de la Fondation<\/h3>\r\n\r\n\r\n\r\n<div class=\"wp-block-spacer\" style=\"height: 20px;\" aria-hidden=\"true\">&nbsp;<\/div>\r\n\r\n\r\n\r\n<ul class=\"wp-block-list\">\r\n<li>Buchs Berthold, pr\u00e9sident<\/li>\r\n\r\n\r\n\r\n<li>Buchs Walter<\/li>\r\n\r\n\r\n\r\n<li>Br\u00fclhart-Schuwey Christiane<\/li>\r\n\r\n\r\n\r\n<li>Jaggi-Lupberger Karin<\/li>\r\n\r\n\r\n\r\n<li>Schuwey Reinhard<\/li>\r\n\r\n\r\n\r\n<li>Schuwey Werner<\/li>\r\n\r\n\r\n\r\n<li>Repr\u00e9sentant de la Commune de Jaun<\/li>\r\n\r\n\r\n\r\n<li>Repr\u00e9sentant de la Paroisse de Jaun<\/li>\r\n\r\n\r\n\r\n<li>Repr\u00e9sentant de Jaun Tourisme<\/li>\r\n\r\n\r\n\r\n<li>Repr\u00e9sentant de KUND (Kultur Natur Deutschfreiburg)<\/li>\r\n\r\n\r\n\r\n<li>Repr\u00e9sentant de la F\u00e9d\u00e9ration fribourgeoise des chorales<\/li>\r\n<\/ul>\r\n\r\n\r\n\r\n<div class=\"wp-block-columns is-layout-flex wp-container-core-columns-is-layout-28f84493 wp-block-columns-is-layout-flex\">\r\n<div class=\"wp-block-column is-layout-flow wp-block-column-is-layout-flow\" style=\"flex-basis: 66.66%;\">\r\n<h5 class=\"wp-block-heading\">Statuts de la Fondation Cantorama (en allemand)<\/h5>\r\n<\/div>\r\n\r\n\r\n\r\n<div class=\"wp-block-column is-layout-flow wp-block-column-is-layout-flow\" style=\"flex-basis: 33.33%;\">\r\n<figure class=\"wp-block-image aligncenter size-full is-resized\"><a href=\"https:\/\/www.cantorama.ch\/wp-content\/uploads\/2024\/12\/Statuten-der-Stiftung-Cantorama.pdf\" target=\"_blank\" rel=\"noreferrer noopener\"><img loading=\"lazy\" decoding=\"async\" class=\"alignnone wp-image-560\" style=\"width: 41px; height: auto;\" title=\"T\u00e9l\u00e9charger les status en PDF ... ...\" src=\"https:\/\/www.cantorama.ch\/wp-content\/uploads\/2024\/12\/logo-pdf.png\" alt=\"\" width=\"586\" height=\"736\" \/><\/a><\/figure>\r\n<\/div>\r\n<\/div>\r\n<\/div>\r\n\r\n\r\n\r\n<div class=\"wp-block-column has-ast-global-color-6-background-color has-background is-layout-flow wp-block-column-is-layout-flow\">\r\n<h3 class=\"wp-block-heading has-text-align-left\">Comit\u00e9 directeur<\/h3>\r\n\r\n\r\n\r\n<div class=\"wp-block-spacer\" style=\"height: 25px;\" aria-hidden=\"true\">&nbsp;<\/div>\r\n\r\n\r\n\r\n<ul class=\"wp-block-list\">\r\n<li>Buchs Berthold, pr\u00e9sident<\/li>\r\n\r\n\r\n\r\n<li>Buchs Walter, vice-Pr\u00e9sident<\/li>\r\n\r\n\r\n\r\n<li>Br\u00fclhart-Schuwey Christiane<\/li>\r\n\r\n\r\n\r\n<li>Jaggi-Lupberger Karin<\/li>\r\n<\/ul>\r\n\r\n\r\n\r\n<div style=\"height:40px\" aria-hidden=\"true\" class=\"wp-block-spacer\"><\/div>\r\n\r\n\r\n\r\n<h3 class=\"wp-block-heading\">Direction de l&rsquo;exploitation<\/h3>\r\n\r\n\r\n\r\n<p>   Sandra Schuwey<br>   Telefon: +41 79 725 83 60<br>   E-Mail: sandra.schuwey@cantorama.ch<\/p>\r\n<\/div>\r\n\r\n\r\n\r\n<div class=\"wp-block-column is-layout-flow wp-block-column-is-layout-flow\">\r\n<figure class=\"wp-block-image aligncenter size-full is-resized\"><a href=\"https:\/\/www.cantorama.ch\/wp-content\/uploads\/2024\/12\/cantorama_view_3.jpg\" target=\"_blank\" rel=\"noreferrer noopener\"><img loading=\"lazy\" decoding=\"async\" width=\"350\" height=\"509\" class=\"wp-image-586\" style=\"width: 350px;\" src=\"https:\/\/www.cantorama.ch\/wp-content\/uploads\/2024\/12\/cantorama_view_3.jpg\" alt=\"\" srcset=\"https:\/\/www.cantorama.ch\/wp-content\/uploads\/2024\/12\/cantorama_view_3.jpg 1321w, https:\/\/www.cantorama.ch\/wp-content\/uploads\/2024\/12\/cantorama_view_3-619x900.jpg 619w, https:\/\/www.cantorama.ch\/wp-content\/uploads\/2024\/12\/cantorama_view_3-768x1116.jpg 768w, https:\/\/www.cantorama.ch\/wp-content\/uploads\/2024\/12\/cantorama_view_3-1057x1536.jpg 1057w\" sizes=\"auto, (max-width: 350px) 100vw, 350px\" \/><\/a><\/figure>\r\n<\/div>\r\n<\/div>\r\n\r\n\r\n\r\n<div class=\"wp-block-columns is-layout-flex wp-container-core-columns-is-layout-28f84493 wp-block-columns-is-layout-flex\">\r\n<div class=\"wp-block-column is-layout-flow wp-block-column-is-layout-flow\" style=\"flex-basis: 34%;\">\r\n<figure class=\"wp-block-image aligncenter size-full is-resized\"><a href=\"https:\/\/www.cantorama.ch\/wp-content\/uploads\/2024\/12\/cantorama_view_4.jpg\" target=\"_blank\" rel=\"noreferrer noopener\"><img loading=\"lazy\" decoding=\"async\" width=\"1920\" height=\"1379\" class=\"wp-image-589\" style=\"width: 624px; height: auto;\" src=\"https:\/\/www.cantorama.ch\/wp-content\/uploads\/2024\/12\/cantorama_view_4.jpg\" alt=\"\" srcset=\"https:\/\/www.cantorama.ch\/wp-content\/uploads\/2024\/12\/cantorama_view_4.jpg 1920w, https:\/\/www.cantorama.ch\/wp-content\/uploads\/2024\/12\/cantorama_view_4-900x646.jpg 900w, https:\/\/www.cantorama.ch\/wp-content\/uploads\/2024\/12\/cantorama_view_4-768x552.jpg 768w, https:\/\/www.cantorama.ch\/wp-content\/uploads\/2024\/12\/cantorama_view_4-1536x1103.jpg 1536w\" sizes=\"auto, (max-width: 1920px) 100vw, 1920px\" \/><\/a><\/figure>\r\n<\/div>\r\n\r\n\r\n\r\n<div class=\"wp-block-column has-ast-global-color-6-background-color has-background is-layout-flow wp-block-column-is-layout-flow\">\r\n<h3 class=\"wp-block-heading\">La commission de musique<\/h3>\r\n\r\n\r\n\r\n<div class=\"wp-block-spacer\" style=\"height: 10px;\" aria-hidden=\"true\">&nbsp;<\/div>\r\n\r\n\r\n\r\n<ul class=\"wp-block-list\">\r\n<li style=\"list-style-type: none;\">\r\n<ul class=\"wp-block-list\">\r\n<li>T\u00e2che L\u00e9on, pr\u00e9sident <br \/>(programme des concerts et contacts en fran\u00e7ais)<br \/>026 921 11 89 &#8211; leon.tache@cantorama.ch<\/li>\r\n\r\n\r\n\r\n<li>Buchs Mario (programme des concerts et contacts en allemand)<br \/>079 435 23 88 &#8211; mario.buchs@cantorama.ch<\/li>\r\n\r\n\r\n\r\n<li>Jaggi-Lupberger Karin (publications)<br \/>079 708 62 38 &#8211; karin.jaggi@cantorama.ch<\/li>\r\n\r\n\r\n\r\n<li>Rumo Anton (webmaster)<br \/>079 213 68 15 &#8211; anton.rumo@cantorama.ch<br> <\/li>\r\n<\/ul>\r\n\r\n\r\n\r\n<div style=\"height:40px\" aria-hidden=\"true\" class=\"wp-block-spacer\"><\/div>\r\n<\/div>\r\n\r\n\r\n\r\n<div class=\"wp-block-column has-ast-global-color-6-background-color has-background is-layout-flow wp-block-column-is-layout-flow\" style=\"flex-basis: 25%;\">\r\n<h3 class=\"wp-block-heading\">Les Amis du Cantorama<\/h3>\r\n\r\n\r\n\r\n<div class=\"wp-block-spacer\" style=\"height: 20px;\" aria-hidden=\"true\"><\/div>\r\n\r\n\r\n\r\n<ul class=\"wp-block-list\">\r\n<li>Buchs Walter, pr\u00e9sident<\/li>\r\n\r\n\r\n\r\n<li>Mooser Harald<\/li>\r\n\r\n\r\n\r\n<li>Th\u00fcrler-Rauber Verena<\/li>\r\n<\/ul>\r\n<\/div>\r\n<\/div>\r\n\r\n\r\n\r\n<p><\/p>\r\n","protected":false},"excerpt":{"rendered":"<p>Pr\u00e9sentation &#8211; Les organes Le conseil de la Fondation &nbsp; Buchs Berthold, pr\u00e9sident Buchs Walter Br\u00fclhart-Schuwey Christiane Jaggi-Lupberger Karin Schuwey [&hellip;]<\/p>\n","protected":false},"author":3,"featured_media":0,"parent":0,"menu_order":40,"comment_status":"closed","ping_status":"closed","template":"","meta":{"site-sidebar-layout":"default","site-content-layout":"","ast-site-content-layout":"","site-content-style":"default","site-sidebar-style":"default","ast-global-header-display":"","ast-banner-title-visibility":"","ast-main-header-display":"","ast-hfb-above-header-display":"","ast-hfb-below-header-display":"","ast-hfb-mobile-header-display":"","site-post-title":"disabled","ast-breadcrumbs-content":"","ast-featured-img":"","footer-sml-layout":"","theme-transparent-header-meta":"","adv-header-id-meta":"","stick-header-meta":"","header-above-stick-meta":"","header-main-stick-meta":"","header-below-stick-meta":"","astra-migrate-meta-layouts":"default","ast-page-background-enabled":"default","ast-page-background-meta":{"desktop":{"background-color":"var(--ast-global-color-4)","background-image":"","background-repeat":"repeat","background-position":"center center","background-size":"auto","background-attachment":"scroll","background-type":"","background-media":"","overlay-type":"","overlay-color":"","overlay-opacity":"","overlay-gradient":""},"tablet":{"background-color":"","background-image":"","background-repeat":"repeat","background-position":"center center","background-size":"auto","background-attachment":"scroll","background-type":"","background-media":"","overlay-type":"","overlay-color":"","overlay-opacity":"","overlay-gradient":""},"mobile":{"background-color":"","background-image":"","background-repeat":"repeat","background-position":"center center","background-size":"auto","background-attachment":"scroll","background-type":"","background-media":"","overlay-type":"","overlay-color":"","overlay-opacity":"","overlay-gradient":""}},"ast-content-background-meta":{"desktop":{"background-color":"var(--ast-global-color-5)","background-image":"","background-repeat":"repeat","background-position":"center center","background-size":"auto","background-attachment":"scroll","background-type":"","background-media":"","overlay-type":"","overlay-color":"","overlay-opacity":"","overlay-gradient":""},"tablet":{"background-color":"var(--ast-global-color-5)","background-image":"","background-repeat":"repeat","background-position":"center center","background-size":"auto","background-attachment":"scroll","background-type":"","background-media":"","overlay-type":"","overlay-color":"","overlay-opacity":"","overlay-gradient":""},"mobile":{"background-color":"var(--ast-global-color-5)","background-image":"","background-repeat":"repeat","background-position":"center center","background-size":"auto","background-attachment":"scroll","background-type":"","background-media":"","overlay-type":"","overlay-color":"","overlay-opacity":"","overlay-gradient":""}},"ngg_post_thumbnail":0,"footnotes":""},"class_list":["post-74","page","type-page","status-publish","hentry"],"featured_image_src":null,"publishpress_future_action":{"enabled":false,"date":"2026-04-18 21:37:45","action":"change-status","newStatus":"draft","terms":[],"taxonomy":"language","extraData":[]},"publishpress_future_workflow_manual_trigger":{"enabledWorkflows":[]},"_links":{"self":[{"href":"https:\/\/www.cantorama.ch\/fr\/wp-json\/wp\/v2\/pages\/74","targetHints":{"allow":["GET"]}}],"collection":[{"href":"https:\/\/www.cantorama.ch\/fr\/wp-json\/wp\/v2\/pages"}],"about":[{"href":"https:\/\/www.cantorama.ch\/fr\/wp-json\/wp\/v2\/types\/page"}],"author":[{"embeddable":true,"href":"https:\/\/www.cantorama.ch\/fr\/wp-json\/wp\/v2\/users\/3"}],"replies":[{"embeddable":true,"href":"https:\/\/www.cantorama.ch\/fr\/wp-json\/wp\/v2\/comments?post=74"}],"version-history":[{"count":2,"href":"https:\/\/www.cantorama.ch\/fr\/wp-json\/wp\/v2\/pages\/74\/revisions"}],"predecessor-version":[{"id":2898,"href":"https:\/\/www.cantorama.ch\/fr\/wp-json\/wp\/v2\/pages\/74\/revisions\/2898"}],"wp:attachment":[{"href":"https:\/\/www.cantorama.ch\/fr\/wp-json\/wp\/v2\/media?parent=74"}],"curies":[{"name":"wp","href":"https:\/\/api.w.org\/{rel}","templated":true}]}}