{"id":611,"date":"2024-12-15T10:33:50","date_gmt":"2024-12-15T09:33:50","guid":{"rendered":"https:\/\/new.cantorama.ch\/?page_id=611"},"modified":"2025-04-20T21:34:50","modified_gmt":"2025-04-20T19:34:50","slug":"datenschutzerklaerung","status":"publish","type":"page","link":"https:\/\/www.cantorama.ch\/fr\/declaration-de-protection-des-donnees\/","title":{"rendered":"D\u00e9claration de protection des donn\u00e9es"},"content":{"rendered":"\r\n<h1 class=\"wp-block-heading has-text-align-center\">D\u00e9claration de protection des donn\u00e9es<\/h1>\r\n\r\n\r\n\r\n<h3 class=\"wp-block-heading\">1. R\u00e9sponsable pour le traitement des donn\u00e9es<\/h3>\r\n\r\n\r\n\r\n<p>La \u00ab\u00a0Fondation Cantorama &#8211; Ancienne \u00c9glise Jaun\u00a0\u00bb, ci-apr\u00e8s d\u00e9nomm\u00e9e \u00ab\u00a0Cantorama\u00a0\u00bb pour faciliter la lecture, ainsi que l&rsquo; \u00ab\u00a0Association des Amis du Cantorama\u00a0\u00bb traitent les donn\u00e9es exclusivement sur la base des prescriptions et dispositions l\u00e9gales de la loi suisse sur la protection des donn\u00e9es (loi f\u00e9d\u00e9rale sur la protection des donn\u00e9es (LPD) ; RS 235.1) et de l&rsquo;ordonnance sur la protection des donn\u00e9es (ordonnance relative \u00e0 la loi f\u00e9d\u00e9rale sur la protection des donn\u00e9es (OLPD) ; RS 235.11). Les responsabilit\u00e9s relatives aux donn\u00e9es collect\u00e9es et trait\u00e9es sur le site www.cantorama.ch, conform\u00e9ment \u00e0 l&rsquo;article 19 de la loi suisse sur la protection des donn\u00e9es RS 235.1, incombent aux services suivants, responsables du traitement et de la protection des donn\u00e9es.<\/p>\r\n\r\n\r\n\r\n<h4 class=\"wp-block-heading\">Pour la \u00ab\u00a0Fondation Cantorama &#8211; Ancienne \u00c9glise Jaun\u00a0\u00bb :<\/h4>\r\n\r\n\r\n\r\n<p><strong>Fondation Cantorama &#8211; Ancienne \u00c9glise Jaun<\/strong><br>Berthold Buchs, Pr\u00e9sident<br>Dorfstrasse 9<br>CH-1656 Jaun<br>T\u00e9l\u00e9phone : +41 (0)26 929 84 69<br>E-mail : berthold.buchs@cantorama.ch<\/p>\r\n\r\n\r\n\r\n<h4 class=\"wp-block-heading\">Pour la \u00ab\u00a0Soci\u00e9t\u00e9 des Amis du Cantorama\u00a0\u00bb :<\/h4>\r\n\r\n\r\n\r\n<p><strong>Soci\u00e9t\u00e9 des Amis du Cantorama<\/strong><br>Walter Buchs, Pr\u00e9sident<br>Route de la Heitera 42<br>CH-1700 Fribourg<br>T\u00e9l\u00e9phone : +41 (0)26 481 36 72<br>E-mail : walter.buchs@cantorama.ch<\/p>\r\n\r\n\r\n\r\n<h3 class=\"wp-block-heading\">2. S\u00e9curit\u00e9 des donn\u00e9es<\/h3>\r\n\r\n\r\n\r\n<p>Toutes les transmissions de donn\u00e9es du site www.cantorama.ch s&rsquo;effectuent au moyen du cryptage SSL (https), conform\u00e9ment \u00e0 l&rsquo;\u00e9tat actuel des possibilit\u00e9s techniques et sont contr\u00f4l\u00e9es et am\u00e9lior\u00e9es en permanence en fonction des progr\u00e8s techniques.<\/p>\r\n\r\n\r\n\r\n<h3 class=\"wp-block-heading\">3. Donn\u00e9es collect\u00e9es<\/h3>\r\n\r\n\r\n\r\n<p>Les donn\u00e9es mentionn\u00e9es ci-dessous sont collect\u00e9es sur le site Internet www.cantorama.ch. Dans les descriptions suivantes, nous expliquons les d\u00e9tails des donn\u00e9es collect\u00e9es ainsi que leur traitement.<br><strong>a)<\/strong> Saisie des donn\u00e9es pour la commande de billets des concerts<br><strong>b)<\/strong> Saisie des donn\u00e9es pour la commande de bons cadeaux et d&rsquo;abonnements<br><strong>c)<\/strong> Demande d&rsquo;inscription \u00e0 l&rsquo;Association des Amis du Cantorama<br><strong>d)<\/strong> Saisie de donn\u00e9es par le formulaire de contact<br><strong>e)<\/strong> Enregistrement automatique de donn\u00e9es techniques<\/p>\r\n\r\n\r\n\r\n<h4 class=\"wp-block-heading\">Explications en d\u00e9tail :<\/h4>\r\n\r\n\r\n\r\n<p><strong>a)<\/strong> Saisie des donn\u00e9es pour la commande de billets de concert (tickets)<br>Le formulaire de commande de billets de concert ne contient que les donn\u00e9es n\u00e9cessaires pour l&rsquo;\u00e9mission des billets command\u00e9s. Les donn\u00e9es sont trait\u00e9es de mani\u00e8re strictement confidentielle et uniquement par le membre comp\u00e9tent du comit\u00e9 directeur du Cantorama. Les donn\u00e9es ne sont pas transmises \u00e0 des tiers. Il n&rsquo;y a pas non plus d&rsquo;\u00e9valuation des donn\u00e9es personnelles.<br>Les donn\u00e9es suivantes sont saisies pour la commande de billets de concert :<br>\u00c9v\u00e9nement souhait\u00e9, nombre de places, nom et pr\u00e9nom, rue et num\u00e9ro, code postal et localit\u00e9, t\u00e9l\u00e9phone, ainsi que, en option, une adresse e-mail et d&rsquo;\u00e9ventuelles remarques dans le champ de texte libre.<\/p>\r\n\r\n\r\n\r\n<p><strong>b) <\/strong>Saisie des donn\u00e9es pour la commande de bons cadeaux et d&rsquo;abonnements<br>Le formulaire de commande de bons cadeaux et d&rsquo;abonnements permet la saisie des donn\u00e9es n\u00e9cessaires \u00e0 l&rsquo;\u00e9tablissement de bons cadeaux et abonnements command\u00e9s et \u00e0 leur envoi au client. Les donn\u00e9es sont trait\u00e9es de mani\u00e8re strictement confidentielle et uniquement par le membre comp\u00e9tent du comit\u00e9 directeur du Cantorama. Les donn\u00e9es ne sont pas transmises \u00e0 des tiers. Il n&rsquo;y a pas non plus d&rsquo;\u00e9valuation des donn\u00e9es personnelles.<\/p>\r\n\r\n\r\n\r\n<p>Les donn\u00e9es suivantes sont saisies pour la commande de bons cadeaux et d&rsquo;abonnements :<br>Bons cadeaux ou abonnements souhait\u00e9s, nom et pr\u00e9nom, rue et num\u00e9ro, code postal et localit\u00e9, t\u00e9l\u00e9phone, ainsi que, en option, une adresse e-mail et d&rsquo;\u00e9ventuelles remarques dans le champ de texte libre, par exemple pour indiquer une personne \u00e0 qui l&rsquo;on souhaite faire un cadeau.<\/p>\r\n\r\n\r\n\r\n<p><strong>c)<\/strong> Demande d&rsquo;inscription \u00e0 l&rsquo;Association des Amis du Cantorama<br>Le formulaire d&rsquo;inscription \u00e0 l&rsquo;Association des Amis du Cantorama permet la saisie des donn\u00e9es n\u00e9cessaires au traitement de l&rsquo;inscription \u00e0 l&rsquo;association. Les donn\u00e9es sont trait\u00e9es de mani\u00e8re strictement confidentielle et uniquement par le membre comp\u00e9tent du comit\u00e9 de l&rsquo;Association des Amis du Cantorama. Les donn\u00e9es ne sont pas transmises \u00e0 des tiers. Il n&rsquo;y a pas non plus d&rsquo;\u00e9valuation des donn\u00e9es personnelles.<\/p>\r\n\r\n\r\n\r\n<p>Les donn\u00e9es suivantes sont saisies pour l&rsquo;inscription \u00e0 l&rsquo;Association des Amis du Cantorama :<br>Nom et pr\u00e9nom, rue et num\u00e9ro, code postal et localit\u00e9, t\u00e9l\u00e9phone, ainsi que, en option, une adresse e-mail et un \u00e9ventuel message dans le champ de texte libre.<\/p>\r\n\r\n\r\n\r\n<p><strong>d)<\/strong> Saisie des donn\u00e9es par le formulaire de contact<br>Le formulaire de contact permet la saisie des informations n\u00e9cessaires pour que le comit\u00e9 du Cantorama puisse traiter le message et de r\u00e9pondre \u00e0 la personne qui a transmis le message. Les donn\u00e9es sont trait\u00e9es uniquement par le comit\u00e9 directeur du Cantorama. Les donn\u00e9es saisies ne sont pas transmises \u00e0 des tiers. Il n&rsquo;y a pas non plus d&rsquo;\u00e9valuation des donn\u00e9es personnelles.<\/p>\r\n\r\n\r\n\r\n<p>Les donn\u00e9es suivantes sont saisies par le formulaire de contact : Nom et pr\u00e9nom, rue et num\u00e9ro, code postal et localit\u00e9, t\u00e9l\u00e9phone, l&rsquo;adresse e-mail, le concerne et le contenu du message  dans le champ de texte libre.<\/p>\r\n\r\n\r\n\r\n<p><strong>e)<\/strong> Enregistrement automatique des donn\u00e9es techniques<br>Des donn\u00e9es techniques sont collect\u00e9es par le syst\u00e8me de l&rsquo;exploitant du site (h\u00e9bergeur) et stock\u00e9es dans des fichiers journaux. La saisie de ces donn\u00e9es est automatique et sert uniquement \u00e0 surveiller la fonctionnalit\u00e9 technique et la disponibilit\u00e9 du site www.cantorama.ch.<\/p>\r\n\r\n\r\n\r\n<p>Les donn\u00e9es techniques suivantes sont automatiquement collect\u00e9es :<\/p>\r\n\r\n\r\n\r\n<ul class=\"wp-block-list\">\r\n<li>type\/version de navigateur utilis\u00e9 (Internet Explorer)<\/li>\r\n\r\n\r\n\r\n<li>syst\u00e8me d&rsquo;exploitation utilis\u00e9<\/li>\r\n\r\n\r\n\r\n<li>URL de r\u00e9f\u00e9rence (le site web pr\u00e9c\u00e9demment visit\u00e9)<\/li>\r\n\r\n\r\n\r\n<li>nom d&rsquo;h\u00f4te et adresse IP de l&rsquo;ordinateur du visiteur<\/li>\r\n\r\n\r\n\r\n<li>date et heure de l&rsquo;acc\u00e8s (demande au serveur)<\/li>\r\n\r\n\r\n\r\n<li>nom des pages et des fichiers consult\u00e9s<\/li>\r\n\r\n\r\n\r\n<li>la quantit\u00e9 de donn\u00e9es transmises<\/li>\r\n\r\n\r\n\r\n<li>la notification de succ\u00e8s de la consultation<\/li>\r\n<\/ul>\r\n\r\n\r\n\r\n<p>Les donn\u00e9es techniques collect\u00e9es ne peuvent pas \u00eatre attribu\u00e9es \u00e0 des personnes pr\u00e9cises et sont \u00e9valu\u00e9es statistiquement et anonymement par l&rsquo;h\u00e9bergeur, dans la mesure o\u00f9 la surveillance technique ou les dispositions l\u00e9gales l&rsquo;exigent. Apr\u00e8s l&rsquo;obligation l\u00e9gale de conservation, ces donn\u00e9es sont automatiquement effac\u00e9es. Ces donn\u00e9es sont trait\u00e9es de mani\u00e8re strictement confidentielle, ne sont pas transmises et ne sont pas accessibles \u00e0 des tiers.<\/p>\r\n\r\n\r\n\r\n<h3 class=\"wp-block-heading\">4. Cookies et services d&rsquo;analyse<\/h3>\r\n\r\n\r\n\r\n<p>Le site web www.cantorama.ch n&rsquo;utilise pas de cookies ni de services d&rsquo;analyse. Il n&rsquo;y a donc pas de relev\u00e9s statistiques, ni d&rsquo;analyses relatives aux utilisateurs ou aux personnes, qui pourraient \u00e9valuer ou influencer le comportement des utilisateurs.<\/p>\r\n\r\n\r\n\r\n<h3 class=\"wp-block-heading\">5. Utilisation de Google Maps<\/h3>\r\n\r\n\r\n\r\n<p>Le site web www.cantorama.ch utilise Google Maps exclusivement dans l&rsquo;int\u00e9r\u00eat d&rsquo;un rep\u00e9rage facile du Cantorama, Ancienne \u00c8glise de Jaun. L&rsquo;utilisateur de notre site trouvera de plus amples informations sur le traitement des donn\u00e9es par Google dans les remarques sur la <strong><a href=\"https:\/\/policies.google.com\/privacy?hl=fr\" target=\"_blank\">protection des donn&eacute;es de Google<\/a><\/strong>. Il pourra \u00e9galement y modifier ses param\u00e8tres personnels de protection des donn\u00e9es dans le centre de protection des donn\u00e9es.<\/br>\r\nL&rsquo;utilisateur trouvera <strong><a href=\"https:\/\/support.google.com\/accounts\/topic\/7188671\" target=\"_blank\">ici<\/a><\/strong> des instructions d\u00e9taill\u00e9es sur la gestion de ses propres donn\u00e9es en relation avec les produits Google.<\/p>\r\n\r\n\r\n\r\n<h3 class=\"wp-block-heading\">6. Renseignements, corrections, blocage ou suppression des donn\u00e9es<\/h3>\r\n\r\n\r\n\r\n<p>L&rsquo;utilisateur de notre site web a le droit de demander gratuitement des informations sur ses donn\u00e9es personnelles. De m\u00eame, l&rsquo;utilisateur peut communiquer des corrections concernant ses donn\u00e9es, ainsi que demander leur blocage ou leur suppression. Dans la mesure o\u00f9 aucune disposition l\u00e9gale n&rsquo;oblige le Cantorama ou l&rsquo;association des Amis du Cantorama \u00e0 conserver les donn\u00e9es plus longtemps ou sans les modifier, les demandes de traitement seront int\u00e9gralement mises en \u0153uvre.<\/p>\r\n\r\n\r\n\r\n<p>Les demandes de traitement des donn\u00e9es personnelles doivent \u00eatre adress\u00e9es aux services responsables mentionn\u00e9s au point 1, \u00e0 savoir :<\/p>\r\n\r\n\r\n\r\n<p>pour les domaines des donn\u00e9es a), b) et d) :<br>&#8211; au pr\u00e9sident de la \u00ab\u00a0Fondation Cantorama &#8211; Ancienne \u00c9glise Jaun\u00a0\u00bb ;<\/p>\r\n\r\n\r\n\r\n<ul class=\"wp-block-list\"><\/ul>\r\n\r\n\r\n\r\n<p>pour le domaine des donn\u00e9es c) :<br>&#8211; au pr\u00e9sident de la Soci\u00e9t\u00e9 des Amis du Cantorama\u00a0\u00bb.<\/p>\r\n\r\n\r\n\r\n<ul class=\"wp-block-list\"><\/ul>\r\n\r\n\r\n\r\n<h3 class=\"wp-block-heading\">7. Modifications de la d\u00e9claration de protection des donn\u00e9es et l&rsquo;autorit\u00e9 de surveillance<\/h3>\r\n\r\n\r\n\r\n<p>La pr\u00e9sente d\u00e9claration de protection des donn\u00e9es peut \u00eatre adapt\u00e9e \u00e0 tout moment en fonction des exigences l\u00e9gales. \r\n<br>L&rsquo;autorit\u00e9 de surveillance comp\u00e9tente en Suisse est le Pr\u00e9pos\u00e9 f\u00e9d\u00e9ral \u00e0 la protection des donn\u00e9es et \u00e0 la transparence (PFPDT) :  <a href=\"https:\/\/www.edoeb.admin.ch\/edoeb\/fr\/home.html\" target=\"_blank\">https:\/\/www.edoeb.admin.ch\/edoeb\/fr\/home.html<\/a>.<\/p>\r\n\r\n\r\n\r\n<p>(D\u00e9claration de protection des donn\u00e9es &#8211; V2 &#8211; avril 2025)<\/p>\r\n\r\n\r\n\r\n<p><\/p>\r\n","protected":false},"excerpt":{"rendered":"<p>D\u00e9claration de protection des donn\u00e9es 1. R\u00e9sponsable pour le traitement des donn\u00e9es La \u00ab\u00a0Fondation Cantorama &#8211; Ancienne \u00c9glise Jaun\u00a0\u00bb, ci-apr\u00e8s [&hellip;]<\/p>\n","protected":false},"author":3,"featured_media":0,"parent":0,"menu_order":92,"comment_status":"closed","ping_status":"closed","template":"","meta":{"site-sidebar-layout":"default","site-content-layout":"","ast-site-content-layout":"","site-content-style":"default","site-sidebar-style":"default","ast-global-header-display":"","ast-banner-title-visibility":"","ast-main-header-display":"","ast-hfb-above-header-display":"","ast-hfb-below-header-display":"","ast-hfb-mobile-header-display":"","site-post-title":"disabled","ast-breadcrumbs-content":"","ast-featured-img":"","footer-sml-layout":"","theme-transparent-header-meta":"","adv-header-id-meta":"","stick-header-meta":"","header-above-stick-meta":"","header-main-stick-meta":"","header-below-stick-meta":"","astra-migrate-meta-layouts":"default","ast-page-background-enabled":"default","ast-page-background-meta":{"desktop":{"background-color":"var(--ast-global-color-4)","background-image":"","background-repeat":"repeat","background-position":"center center","background-size":"auto","background-attachment":"scroll","background-type":"","background-media":"","overlay-type":"","overlay-color":"","overlay-opacity":"","overlay-gradient":""},"tablet":{"background-color":"","background-image":"","background-repeat":"repeat","background-position":"center center","background-size":"auto","background-attachment":"scroll","background-type":"","background-media":"","overlay-type":"","overlay-color":"","overlay-opacity":"","overlay-gradient":""},"mobile":{"background-color":"","background-image":"","background-repeat":"repeat","background-position":"center center","background-size":"auto","background-attachment":"scroll","background-type":"","background-media":"","overlay-type":"","overlay-color":"","overlay-opacity":"","overlay-gradient":""}},"ast-content-background-meta":{"desktop":{"background-color":"var(--ast-global-color-5)","background-image":"","background-repeat":"repeat","background-position":"center center","background-size":"auto","background-attachment":"scroll","background-type":"","background-media":"","overlay-type":"","overlay-color":"","overlay-opacity":"","overlay-gradient":""},"tablet":{"background-color":"var(--ast-global-color-5)","background-image":"","background-repeat":"repeat","background-position":"center center","background-size":"auto","background-attachment":"scroll","background-type":"","background-media":"","overlay-type":"","overlay-color":"","overlay-opacity":"","overlay-gradient":""},"mobile":{"background-color":"var(--ast-global-color-5)","background-image":"","background-repeat":"repeat","background-position":"center center","background-size":"auto","background-attachment":"scroll","background-type":"","background-media":"","overlay-type":"","overlay-color":"","overlay-opacity":"","overlay-gradient":""}},"ngg_post_thumbnail":0,"footnotes":""},"class_list":["post-611","page","type-page","status-publish","hentry"],"featured_image_src":null,"publishpress_future_action":{"enabled":false,"date":"2026-04-16 15:32:05","action":"change-status","newStatus":"draft","terms":[],"taxonomy":"language","extraData":[]},"publishpress_future_workflow_manual_trigger":{"enabledWorkflows":[]},"_links":{"self":[{"href":"https:\/\/www.cantorama.ch\/fr\/wp-json\/wp\/v2\/pages\/611","targetHints":{"allow":["GET"]}}],"collection":[{"href":"https:\/\/www.cantorama.ch\/fr\/wp-json\/wp\/v2\/pages"}],"about":[{"href":"https:\/\/www.cantorama.ch\/fr\/wp-json\/wp\/v2\/types\/page"}],"author":[{"embeddable":true,"href":"https:\/\/www.cantorama.ch\/fr\/wp-json\/wp\/v2\/users\/3"}],"replies":[{"embeddable":true,"href":"https:\/\/www.cantorama.ch\/fr\/wp-json\/wp\/v2\/comments?post=611"}],"version-history":[{"count":0,"href":"https:\/\/www.cantorama.ch\/fr\/wp-json\/wp\/v2\/pages\/611\/revisions"}],"wp:attachment":[{"href":"https:\/\/www.cantorama.ch\/fr\/wp-json\/wp\/v2\/media?parent=611"}],"curies":[{"name":"wp","href":"https:\/\/api.w.org\/{rel}","templated":true}]}}