{"id":607,"date":"2024-12-15T10:31:42","date_gmt":"2024-12-15T09:31:42","guid":{"rendered":"https:\/\/new.cantorama.ch\/?page_id=607"},"modified":"2025-04-20T21:39:44","modified_gmt":"2025-04-20T19:39:44","slug":"impressum","status":"publish","type":"page","link":"https:\/\/www.cantorama.ch\/fr\/mentions-legales\/","title":{"rendered":"Mentions l\u00e9gales"},"content":{"rendered":"\r\n<h2 class=\"wp-block-heading has-text-align-center\">Mentions l\u00e9gales<\/h2>\r\n\r\n\r\n\r\n<h3 class=\"wp-block-heading\">Responsable du contenu<\/h3>\r\n\r\n\r\n\r\n\r\n<strong>Fondation Cantorama &#8211; Ancienne \u00c9glise Jaun<\/strong><br>\r\n<p>Berthold Buchs, Pr\u00e9sident<br>\r\nDorfstrasse 9<br>\r\nCH-1656 Jaun<br>\r\nT\u00e9l\u00e9phone : 026 929 84 69<br>\r\nE-mail : berthold.buchs@cantorama.ch<\/p>\r\n\r\n\r\n\r\n\r\n<h3 class=\"wp-block-heading\">Responsabilit\u00e9<\/h3>\r\n\r\n\r\n\r\n\r\n<p>L&rsquo;exactitude des contenus publi\u00e9s sur www.cantorama.ch a \u00e9t\u00e9 v\u00e9rifi\u00e9e avec le plus grand soin. Toutefois, aucune garantie ne peut \u00eatre donn\u00e9e quant \u00e0 l&rsquo;exactitude, la pr\u00e9cision, l&rsquo;actualit\u00e9, la fiabilit\u00e9 et l&rsquo;exhaustivit\u00e9 du contenu des informations disponibles.<\/p>\r\n\r\n\r\n\r\n\r\n\r\n<p>La \u00ab\u00a0Fondation Cantorama &#8211; Ancienne \u00c8glise Jaun\u00a0\u00bb se r\u00e9serve express\u00e9ment le droit de modifier, de supprimer ou de ne pas publier temporairement tout ou partie des contenus, et ce \u00e0 tout moment et sans pr\u00e9avis.<\/p>\r\n\r\n\r\n\r\n\r\n\r\n<p>La \u00ab\u00a0Fondation Cantorama &#8211; Ancienne \u00c9glise Jaun\u00a0\u00bb ne saurait \u00eatre tenue pour responsable des dommages mat\u00e9riels ou immat\u00e9riels qui pourraient \u00eatre caus\u00e9s par l&rsquo;acc\u00e8s aux informations diffus\u00e9es ou par leur utilisation ou non-utilisation, par le mauvais usage de la connexion ou par des probl\u00e8mes techniques.<\/p>\r\n\r\n\r\n\r\n\r\n<h3 class=\"wp-block-heading\">Renvois et liens<\/h3>\r\n\r\n\r\n\r\n\r\n<p>Les renvois ou liens vers des sites web de tiers ne rel\u00e8vent pas de la responsabilit\u00e9 de la \u00ab\u00a0Fondation Cantorama &#8211; Ancienne \u00c9glise Jaun\u00a0\u00bb et de ses responsables du contenu. L&rsquo;acc\u00e8s et l&rsquo;utilisation de sites web de tiers se font aux risques et p\u00e9rils de l&rsquo;utilisateur ou de l&rsquo;utilisatrice. Les contenus d&rsquo;information, les offres, les services, etc. des sites web de tiers auxquels il est fait r\u00e9f\u00e9rence sont enti\u00e8rement sous la responsabilit\u00e9 du tiers concern\u00e9. La \u00ab\u00a0Fondation Cantorama &#8211; Ancienne \u00c9glise Jaun\u00a0\u00bb et ses responsables du contenu d\u00e9clarent explicitement qu&rsquo;ils n&rsquo;ont aucune influence sur les contenus, offres, etc. des pages li\u00e9es. Toute responsabilit\u00e9 est d\u00e9clin\u00e9e pour les sites web de tiers.<\/p>\r\n\r\n\r\n\r\n\r\n<h3 class=\"wp-block-heading\">Droits d&rsquo;auteur<\/h3>\r\n\r\n\r\n\r\n\r\n<p>Les images publi\u00e9es sont soumises au droit d&rsquo;auteur de la \u00ab\u00a0Fondation Cantorama &#8211; Ancienne \u00c9glise Jaun\u00a0\u00bb. Les images, les sons et les vid\u00e9os des artistes se produisant sur sc\u00e8ne sont soumis aux droits d&rsquo;auteur de la \u00ab\u00a0Fondation Cantorama &#8211; Ancienne \u00e9glise Jaun\u00a0\u00bb ou des artistes. Conform\u00e9ment aux dispositions contractuelles entre la \u00ab\u00a0Fondation Cantorama &#8211; Ancienne \u00e9glise Jaun\u00a0\u00bb et les artistes, la \u00ab\u00a0Fondation Cantorama &#8211; Ancienne \u00c9glise Jaun\u00a0\u00bb est autoris\u00e9e \u00e0 publier ces documents. En cas d&rsquo;int\u00e9r\u00eat pour une image, un son ou une vid\u00e9o, l&rsquo;accord \u00e9crit de la \u00ab\u00a0Fondation Cantorama &#8211; Ancienne \u00c9glise Jaun\u00a0\u00bb doit \u00eatre demand\u00e9. Les noms de soci\u00e9t\u00e9s mentionn\u00e9s ou utilis\u00e9s sur les pages web sont la propri\u00e9t\u00e9 des soci\u00e9t\u00e9s cit\u00e9es et sont soumis au droit d&rsquo;auteur des soci\u00e9t\u00e9s mentionn\u00e9es.<\/p>\r\n\r\n\r\n\r\n\r\n<h3 class=\"wp-block-heading\">Cr\u00e9dits photographiques<\/h3>\r\n\r\n\r\n\r\n\r\n<p>Fondation Cantorama &#8211; Ancienne \u00c9glise Jaun<br>\r\nArtistes<br>\r\nLinus Buchs<br>\r\nAnton Rumo<\/p>\r\n\r\n\r\n\r\n\r\n\r\n<p>(Mentions l\u00e9gales &#8211; V2 &#8211; avril 2025)<\/p>\r\n\r\n\r\n\r\n\r\n<p><\/p>\r\n","protected":false},"excerpt":{"rendered":"<p>Mentions l\u00e9gales Responsable du contenu Fondation Cantorama &#8211; Ancienne \u00c9glise Jaun Berthold Buchs, Pr\u00e9sident Dorfstrasse 9 CH-1656 Jaun T\u00e9l\u00e9phone : [&hellip;]<\/p>\n","protected":false},"author":3,"featured_media":0,"parent":0,"menu_order":91,"comment_status":"closed","ping_status":"closed","template":"","meta":{"site-sidebar-layout":"default","site-content-layout":"","ast-site-content-layout":"","site-content-style":"default","site-sidebar-style":"default","ast-global-header-display":"","ast-banner-title-visibility":"","ast-main-header-display":"","ast-hfb-above-header-display":"","ast-hfb-below-header-display":"","ast-hfb-mobile-header-display":"","site-post-title":"disabled","ast-breadcrumbs-content":"","ast-featured-img":"","footer-sml-layout":"","theme-transparent-header-meta":"","adv-header-id-meta":"","stick-header-meta":"","header-above-stick-meta":"","header-main-stick-meta":"","header-below-stick-meta":"","astra-migrate-meta-layouts":"default","ast-page-background-enabled":"default","ast-page-background-meta":{"desktop":{"background-color":"var(--ast-global-color-4)","background-image":"","background-repeat":"repeat","background-position":"center center","background-size":"auto","background-attachment":"scroll","background-type":"","background-media":"","overlay-type":"","overlay-color":"","overlay-opacity":"","overlay-gradient":""},"tablet":{"background-color":"","background-image":"","background-repeat":"repeat","background-position":"center center","background-size":"auto","background-attachment":"scroll","background-type":"","background-media":"","overlay-type":"","overlay-color":"","overlay-opacity":"","overlay-gradient":""},"mobile":{"background-color":"","background-image":"","background-repeat":"repeat","background-position":"center center","background-size":"auto","background-attachment":"scroll","background-type":"","background-media":"","overlay-type":"","overlay-color":"","overlay-opacity":"","overlay-gradient":""}},"ast-content-background-meta":{"desktop":{"background-color":"var(--ast-global-color-5)","background-image":"","background-repeat":"repeat","background-position":"center center","background-size":"auto","background-attachment":"scroll","background-type":"","background-media":"","overlay-type":"","overlay-color":"","overlay-opacity":"","overlay-gradient":""},"tablet":{"background-color":"var(--ast-global-color-5)","background-image":"","background-repeat":"repeat","background-position":"center center","background-size":"auto","background-attachment":"scroll","background-type":"","background-media":"","overlay-type":"","overlay-color":"","overlay-opacity":"","overlay-gradient":""},"mobile":{"background-color":"var(--ast-global-color-5)","background-image":"","background-repeat":"repeat","background-position":"center center","background-size":"auto","background-attachment":"scroll","background-type":"","background-media":"","overlay-type":"","overlay-color":"","overlay-opacity":"","overlay-gradient":""}},"ngg_post_thumbnail":0,"footnotes":""},"class_list":["post-607","page","type-page","status-publish","hentry"],"featured_image_src":null,"publishpress_future_action":{"enabled":false,"date":"2026-05-03 11:35:53","action":"change-status","newStatus":"draft","terms":[],"taxonomy":"language","extraData":[]},"publishpress_future_workflow_manual_trigger":{"enabledWorkflows":[]},"_links":{"self":[{"href":"https:\/\/www.cantorama.ch\/fr\/wp-json\/wp\/v2\/pages\/607","targetHints":{"allow":["GET"]}}],"collection":[{"href":"https:\/\/www.cantorama.ch\/fr\/wp-json\/wp\/v2\/pages"}],"about":[{"href":"https:\/\/www.cantorama.ch\/fr\/wp-json\/wp\/v2\/types\/page"}],"author":[{"embeddable":true,"href":"https:\/\/www.cantorama.ch\/fr\/wp-json\/wp\/v2\/users\/3"}],"replies":[{"embeddable":true,"href":"https:\/\/www.cantorama.ch\/fr\/wp-json\/wp\/v2\/comments?post=607"}],"version-history":[{"count":0,"href":"https:\/\/www.cantorama.ch\/fr\/wp-json\/wp\/v2\/pages\/607\/revisions"}],"wp:attachment":[{"href":"https:\/\/www.cantorama.ch\/fr\/wp-json\/wp\/v2\/media?parent=607"}],"curies":[{"name":"wp","href":"https:\/\/api.w.org\/{rel}","templated":true}]}}