{"id":2921,"date":"2026-04-05T12:05:17","date_gmt":"2026-04-05T10:05:17","guid":{"rendered":"https:\/\/www.cantorama.ch\/?page_id=2921"},"modified":"2026-04-05T13:59:02","modified_gmt":"2026-04-05T11:59:02","slug":"galerie-2026","status":"publish","type":"page","link":"https:\/\/www.cantorama.ch\/fr\/veranstaltungen-tickets\/galerie-2026\/","title":{"rendered":"Galerie 2026"},"content":{"rendered":"\n<h1 class=\"wp-block-heading has-text-align-center\" id=\"0-konzertgalerie-2026-galerie-des-concerts\">Konzertgalerie &#8211; 2026 &#8211; Galerie des concerts<\/h1>\n\n\n\n<a href=\"javascript:history.back()\">< Zur\u00fcck zur Auswahlseite<br>< Retour \u00e0 la page de s\u00e9lection<\/a>\n\n\n\n<div class=\"wp-block-columns is-layout-flex wp-container-core-columns-is-layout-28f84493 wp-block-columns-is-layout-flex\">\n<div class=\"wp-block-column is-layout-flow wp-block-column-is-layout-flow\" style=\"flex-basis:33.33%\">\n<h3 class=\"wp-block-heading has-text-align-center\">3 avril 2026<\/h3>\n\n\n\n<h3 class=\"wp-block-heading has-text-align-center\"><strong>Ch<strong>\u0153<\/strong>ur de Chambre<br>de l&rsquo;Universit\u00e9 de Fribourg<\/strong><\/h3>\n\n\n\n<h3 class=\"wp-block-heading has-text-align-center\">Concert du Vendredi Saint<br>Karfreitagskonzert<\/h3>\n<\/div>\n\n\n\n<div class=\"wp-block-column is-layout-flow wp-block-column-is-layout-flow\" style=\"flex-basis:66.66%\">\nngg_shortcode_0_placeholder\n\n\n\n<p>Et voil\u00e0 ! La saison du 35<sup>\u00e8me<\/sup> anniversaire du Cantorama a commenc\u00e9 en ce Vendredi Saint. Nous avons accueilli le <strong>Ch\u0153ur de Chambre de l&rsquo;Universit\u00e9 de Fribourg. <\/strong>Ce ch\u0153ur, fort d\u2019une quarantaine de membres, a occup\u00e9 les all\u00e9es lat\u00e9rales et a \u00ab\u00a0envelopp\u00e9\u00a0\u00bb les nombreux auditeurs par une pi\u00e8ce de Knut Nystedt. Apr\u00e8s un <em>Miserere<\/em> de Rudi Tas et 3 motets d&rsquo;Heinrich Sch\u00fctz, nous avons pu appr\u00e9cier la virtuosit\u00e9 et la sensibilit\u00e9 de la violoncelliste <strong>Nadja Straubhaar<\/strong> dans un <em>Pr\u00e4ludium<\/em> de Bach.<br><br>La premi\u00e8re pi\u00e8ce de r\u00e9sistance de ce concert \u00e9tait le <em>Stabat Mater<\/em> de Knut Nystedt. Une \u0153uvre difficile d&rsquo;acc\u00e8s, pleine d\u2019\u00e9motions. Le compositeur norv\u00e9gien utilise le violoncelle seul pour accompagner et dialoguer avec les voix. C&rsquo;est une \u0153uvre aust\u00e8re et puissante, et bien que le langage musical soit accessible, l&rsquo;\u00e9coute n&rsquo;est certainement pas toujours facile.<br><br>La deuxi\u00e8me pi\u00e8ce importante de ce concert a \u00e9t\u00e9 le motet de Jean-S\u00e9bastien Bach <em>Jesu meine Freude<\/em>. Ce motet est, comme beaucoup des motets de Bach, un motet fun\u00e8bre, compos\u00e9 en 1723 pour un service religieux en m\u00e9moire de la veuve d&rsquo;un personnage tr\u00e8s important de Leipzig. Et, comme pour les autres \u0153uvres de ce concert, l&rsquo;organiste <strong>Emile S\u00e9cheret<\/strong> a \u00e9t\u00e9 discret, mais tr\u00e8s efficace.<br><br>Ce programme, toutes ces qualit\u00e9s vocales, tous ces moments remarquables de musique et de ferveur, nous les devons \u00e0 <strong>Pascal Mayer<\/strong>, un des directeurs les plus influents de ces derni\u00e8res ann\u00e9es.<br>La saison musicale 2026 a magnifiquement commenc\u00e9.<\/p>\n\n\n\n<div class=\"wp-block-columns is-layout-flex wp-container-core-columns-is-layout-28f84493 wp-block-columns-is-layout-flex\">\n<div class=\"wp-block-column is-layout-flow wp-block-column-is-layout-flow\">\n<figure class=\"wp-block-video\"><video controls src=\"https:\/\/www.cantorama.ch\/wp-content\/videos\/C01-01 - 2026-04-03.MP4\"><\/video><\/figure>\n<\/div>\n\n\n\n<div class=\"wp-block-column is-layout-flow wp-block-column-is-layout-flow\">\n<figure class=\"wp-block-video\"><video controls src=\"https:\/\/www.cantorama.ch\/wp-content\/videos\/C01-02 - 2026-04-03.MP4\"><\/video><\/figure>\n<\/div>\n\n\n\n<div class=\"wp-block-column is-layout-flow wp-block-column-is-layout-flow\"><\/div>\n<\/div>\n<\/div>\n<\/div>\n\n\n\n<p><\/p>\n","protected":false},"excerpt":{"rendered":"<p>Konzertgalerie &#8211; 2026 &#8211; Galerie des concerts < Zur\u00fcck zur Auswahlseite< Retour \u00e0 la page de s\u00e9lection 3 avril 2026 [&hellip;]\n<\/p>\n","protected":false},"author":3,"featured_media":0,"parent":48,"menu_order":20072026,"comment_status":"closed","ping_status":"closed","template":"","meta":{"site-sidebar-layout":"default","site-content-layout":"","ast-site-content-layout":"","site-content-style":"default","site-sidebar-style":"default","ast-global-header-display":"","ast-banner-title-visibility":"","ast-main-header-display":"","ast-hfb-above-header-display":"","ast-hfb-below-header-display":"","ast-hfb-mobile-header-display":"","site-post-title":"disabled","ast-breadcrumbs-content":"","ast-featured-img":"","footer-sml-layout":"","theme-transparent-header-meta":"","adv-header-id-meta":"","stick-header-meta":"","header-above-stick-meta":"","header-main-stick-meta":"","header-below-stick-meta":"","astra-migrate-meta-layouts":"default","ast-page-background-enabled":"default","ast-page-background-meta":{"desktop":{"background-color":"var(--ast-global-color-4)","background-image":"","background-repeat":"repeat","background-position":"center center","background-size":"auto","background-attachment":"scroll","background-type":"","background-media":"","overlay-type":"","overlay-color":"","overlay-opacity":"","overlay-gradient":""},"tablet":{"background-color":"","background-image":"","background-repeat":"repeat","background-position":"center center","background-size":"auto","background-attachment":"scroll","background-type":"","background-media":"","overlay-type":"","overlay-color":"","overlay-opacity":"","overlay-gradient":""},"mobile":{"background-color":"","background-image":"","background-repeat":"repeat","background-position":"center center","background-size":"auto","background-attachment":"scroll","background-type":"","background-media":"","overlay-type":"","overlay-color":"","overlay-opacity":"","overlay-gradient":""}},"ast-content-background-meta":{"desktop":{"background-color":"var(--ast-global-color-5)","background-image":"","background-repeat":"repeat","background-position":"center center","background-size":"auto","background-attachment":"scroll","background-type":"","background-media":"","overlay-type":"","overlay-color":"","overlay-opacity":"","overlay-gradient":""},"tablet":{"background-color":"var(--ast-global-color-5)","background-image":"","background-repeat":"repeat","background-position":"center center","background-size":"auto","background-attachment":"scroll","background-type":"","background-media":"","overlay-type":"","overlay-color":"","overlay-opacity":"","overlay-gradient":""},"mobile":{"background-color":"var(--ast-global-color-5)","background-image":"","background-repeat":"repeat","background-position":"center center","background-size":"auto","background-attachment":"scroll","background-type":"","background-media":"","overlay-type":"","overlay-color":"","overlay-opacity":"","overlay-gradient":""}},"ngg_post_thumbnail":0,"footnotes":""},"class_list":["post-2921","page","type-page","status-publish","hentry"],"featured_image_src":null,"publishpress_future_action":{"enabled":false,"date":"2026-04-06 21:31:19","action":"change-status","newStatus":"draft","terms":[],"taxonomy":"language","extraData":[]},"publishpress_future_workflow_manual_trigger":{"enabledWorkflows":[]},"_links":{"self":[{"href":"https:\/\/www.cantorama.ch\/fr\/wp-json\/wp\/v2\/pages\/2921","targetHints":{"allow":["GET"]}}],"collection":[{"href":"https:\/\/www.cantorama.ch\/fr\/wp-json\/wp\/v2\/pages"}],"about":[{"href":"https:\/\/www.cantorama.ch\/fr\/wp-json\/wp\/v2\/types\/page"}],"author":[{"embeddable":true,"href":"https:\/\/www.cantorama.ch\/fr\/wp-json\/wp\/v2\/users\/3"}],"replies":[{"embeddable":true,"href":"https:\/\/www.cantorama.ch\/fr\/wp-json\/wp\/v2\/comments?post=2921"}],"version-history":[{"count":9,"href":"https:\/\/www.cantorama.ch\/fr\/wp-json\/wp\/v2\/pages\/2921\/revisions"}],"predecessor-version":[{"id":2936,"href":"https:\/\/www.cantorama.ch\/fr\/wp-json\/wp\/v2\/pages\/2921\/revisions\/2936"}],"up":[{"embeddable":true,"href":"https:\/\/www.cantorama.ch\/fr\/wp-json\/wp\/v2\/pages\/48"}],"wp:attachment":[{"href":"https:\/\/www.cantorama.ch\/fr\/wp-json\/wp\/v2\/media?parent=2921"}],"curies":[{"name":"wp","href":"https:\/\/api.w.org\/{rel}","templated":true}]}}