{"id":2264,"date":"2025-04-20T08:23:22","date_gmt":"2025-04-20T06:23:22","guid":{"rendered":"https:\/\/www.cantorama.ch\/?page_id=2264"},"modified":"2025-04-20T10:30:25","modified_gmt":"2025-04-20T08:30:25","slug":"galerie-2020","status":"publish","type":"page","link":"https:\/\/www.cantorama.ch\/fr\/veranstaltungen-tickets\/galerie-2020\/","title":{"rendered":"Galerie 2020"},"content":{"rendered":"\n<h1 class=\"wp-block-heading has-text-align-center\" id=\"0-konzertgalerie-2020-galerie-des-concerts\">Konzertgalerie &#8211; 2020 &#8211; Galerie des concerts<\/h1>\n\n\n\n<a href=\"javascript:history.back()\">< Zur\u00fcck zur Auswahlseite<br>< Retour \u00e0 la page de s\u00e9lection<\/a>\n\n\n\n<div class=\"wp-block-columns is-layout-flex wp-container-core-columns-is-layout-28f84493 wp-block-columns-is-layout-flex\">\n<div class=\"wp-block-column is-layout-flow wp-block-column-is-layout-flow\" style=\"flex-basis:33.33%\">\n<h3 class=\"wp-block-heading has-text-align-center\">04.10.2020<\/h3>\n\n\n\n<h2 class=\"wp-block-heading has-text-align-center\">Ivo Zurkinden, Orgel<br>Matthias Lehmann, Trompete und Alphorn<\/h2>\n<\/div>\n\n\n\n<div class=\"wp-block-column is-layout-flow wp-block-column-is-layout-flow\" style=\"flex-basis:66.66%\">\nngg_shortcode_0_placeholder\n\n\n\n<p>Die beiden Musiker <strong>Ivo Zurkinden<\/strong> und <strong>Matthias Lehmann<\/strong> durften an diesem k\u00fchlen Herbstsonntag vor vollen Publikumsreihen spielen und haben den Zuh\u00f6rerinnen und Zuh\u00f6rern aus musikalischer Sicht einiges geboten.<br>Der erste Konzertteil, Matthias Lehmann spielte w\u00e4hrend diesem ausschliesslich auf der Trompete, begann klassisch mit dem 1. Allegro aus dem Concerto in D-dur BWV 972 von Johann Sebastian Bach und endete total lebhaft und energisch mit dem St\u00fcck \u00abToccata\u00bb von Hans-Andr\u00e9 Stamm.<br>Im zweiten Konzertteil kam das Alphorn zum Zug. Die Suite \u00abAuf den Bergesh\u00f6hn\u00bb von Gilbert Kolly verlangte von den beiden Musikern einiges an Tempo, Rhythmus und Puste ab. W\u00e4hrend dem Orgelsolo \u00abTango da Chiesa \u2013 Teatime\u00bb von Andreas Willscher kam auch die Orgel so richtig zur Geltung und manch ein Zuh\u00f6rer hat sich gewundert, was Matthias Zurkinden dieser \u00abkleinen\u00bb Orgel so alles an T\u00f6nen entlockt hat. Ein weiteres Konzert, dass sich in die Reihe der gelungenen Konzerte im Cantorama einreiht.<\/p>\n<\/div>\n<\/div>\n\n\n\n<div class=\"wp-block-columns is-layout-flex wp-container-core-columns-is-layout-28f84493 wp-block-columns-is-layout-flex\">\n<div class=\"wp-block-column is-layout-flow wp-block-column-is-layout-flow\" style=\"flex-basis:33.33%\">\n<h3 class=\"wp-block-heading has-text-align-center\">13.09.2020<\/h3>\n\n\n\n<h2 class=\"wp-block-heading has-text-align-center\">Frauen-Vokalensemble famm<\/h2>\n<\/div>\n\n\n\n<div class=\"wp-block-column is-layout-flow wp-block-column-is-layout-flow\" style=\"flex-basis:66.66%\">\nngg_shortcode_1_placeholder\n\n\n\n<p>Der Auftritt von \u00ab<strong>famm<\/strong>\u00bb glich einer Wundert\u00fcte. Es gab in jedem Moment etwas zu entdecken. Wenn nicht f\u00fcr das Ohr, dann f\u00fcr das Auge \u2013 und umgekehrt. <strong>Sarah H\u00f6ltschi<\/strong>, <strong>Sabrina Troxler<\/strong>, <strong>Claudia Gerber<\/strong> und <strong>Simone Felber<\/strong> aus dem Luzernischen wussten ihre Stimmen gekonnt einzusetzen und mit diesen zu spielen. Von leise und vertr\u00e4umt \u00fcber verschmitzt und verliebt bis hin zu traurig und entt\u00e4uscht \u2013 die frisch interpretierten Volklieder gingen allesamt unter die Haut.<br>Im neuen Programm \u00ab\u00fcber s\u2019Babeli, s\u2019Liseli und andere starke Frauen\u00bb machen sie sich viele Gedanken \u00fcber Unterschiede zwischen dem Mann sein und Frau sein, die Stellung der Frau in der Gesellschaft und die oftmals fehlende Wertsch\u00e4tzung ihr gegen\u00fcber. Das Programm ist sehr einf\u00fchlsam, sehr verspielt, sehr \u00fcberzeugend.<\/p>\n<\/div>\n<\/div>\n\n\n\n<div class=\"wp-block-columns is-layout-flex wp-container-core-columns-is-layout-28f84493 wp-block-columns-is-layout-flex\">\n<div class=\"wp-block-column is-layout-flow wp-block-column-is-layout-flow\" style=\"flex-basis:33.33%\">\n<h3 class=\"wp-block-heading has-text-align-center\">21.08.2020<\/h3>\n\n\n\n<h2 class=\"wp-block-heading has-text-align-center\">La Farandole de Courtepin<br>und Anina Buchs<\/h2>\n<\/div>\n\n\n\n<div class=\"wp-block-column is-layout-flow wp-block-column-is-layout-flow\" style=\"flex-basis:66.66%\">\nngg_shortcode_2_placeholder\n\n\n\n<p><strong>Anina Buchs<\/strong>, das erst 16-j\u00e4hrige Schlager-Nachwuchstalent aus Jaun, f\u00fchrte souver\u00e4n und selbstbewusst durch den ersten Konzertteil und er\u00f6ffnete das Konzert mit drei eigens f\u00fcr sie komponierten Lieder. \u00ab Ich liebe das Leben \u00bb, \u00ab Ich steh auf Boys vom Land \u00bb und das im Jaunerdeutschen Dialekt gesungene \u00ab Mis sch\u00f6ne Jaun \u00bb. Es folgten ganze 10 weitere Lieder, haupts\u00e4chlich im Schlagerstil \u2013 aber nicht nur. So gab Anina auch das Lied von George (Schwab) \u00ab Hie bini daheim \u00bb zum besten. Sie \u00fcberzeugte mit ihrer B\u00fchnenpr\u00e4senz, einer sicheren Stimme sowie wundersch\u00f6n gesungenen Jodeleinlagen.<\/p>\n\n\n\n<p><strong>La Farandole de Courtepin<\/strong> a anim\u00e9 la seconde partie de ce spectacle de remplacement. M. Cyrill Renz, en pr\u00e9sentateur avis\u00e9, a \u00e9voqu\u00e9 deux probl\u00e8mes importants du folklore : tradition et cr\u00e9ation. Les danseuses et les danseurs, les membres de l\u2019orchestre et les joueurs de cor des Alpes ont illustr\u00e9 ses propos d\u2019une part par des \u0153uvres traditionnelles (Niederscherli ou La Fanfare du Printemps) et d\u2019autre part par des nouveaut\u00e9s (Stempolka-Bagarre). \u00c0 elle seule, la danse Tarentelle nouvelle repr\u00e9sente bien cette rencontre entre l\u2019ancien et le moderne et les \u00ab vieux \u00bb cors des Alpes ont r\u00e9sonn\u00e9 de m\u00e9lodies nouvelles (Bruggerwalzer, \u0153uvre compos\u00e9e par un membre de l\u2019ensemble, William Schaller, ou Isabel-Polka).<br>Le sommet a \u00e9t\u00e9 le Schlager d\u2019Anina Buchs accompagn\u00e9 par l\u2019orchestre et dans\u00e9 par La Farandole : une rencontre insolite pour un concert in\u00e9dit.<\/p>\n<\/div>\n<\/div>\n\n\n\n<div class=\"wp-block-columns is-layout-flex wp-container-core-columns-is-layout-ec2e7a44 wp-block-columns-is-layout-flex\" style=\"padding-top:0;padding-bottom:0\">\n<div class=\"wp-block-column is-layout-flow wp-block-column-is-layout-flow\" style=\"flex-basis:33.33%\"><\/div>\n\n\n\n<div class=\"wp-block-column is-layout-flow wp-block-column-is-layout-flow\" style=\"flex-basis:66.66%\">\n<p><\/p>\n<\/div>\n<\/div>\n\n\n\n<div class=\"wp-block-columns is-layout-flex wp-container-core-columns-is-layout-28f84493 wp-block-columns-is-layout-flex\">\n<div class=\"wp-block-column is-layout-flow wp-block-column-is-layout-flow\" style=\"flex-basis:33.33%\">\n<h3 class=\"wp-block-heading has-text-align-center\">19.07.2020<\/h3>\n\n\n\n<h2 class=\"wp-block-heading has-text-align-center\">Vera Kalberguenova-Reumann, soprano et Natalia Andrist, piano<\/h2>\n<\/div>\n\n\n\n<div class=\"wp-block-column is-layout-flow wp-block-column-is-layout-flow\" style=\"flex-basis:66.66%\">\nngg_shortcode_3_placeholder\n\n\n\n<p>Ce devait \u00eatre un essai : un concert pour les enfants \u00e0 10 h 30, un dimanche matin ! Et ce fut une jolie r\u00e9ussite. Une r\u00e9ussite que nous devons aux deux musiciennes russes qui nous ont fait d\u00e9couvrir la musique de Moussorgski et de Prokofiev.<br><strong>Vera Kalberguenova<\/strong>, soprano, a interpr\u00e9t\u00e9 La Chambre d\u2019enfants et Trois chansonnettes pour les enfants. Sa voix magnifique et claire, l\u2019expression de son visage, ses mises en sc\u00e8ne discr\u00e8tes ont enchant\u00e9 petits et grands.<br><strong>Natalia Andrist<\/strong>, quant \u00e0 elle, a accompagn\u00e9 remarquablement la soliste, mais elle a aussi redonn\u00e9 vie \u00e0 certains Tableaux d\u2019une Exposition. Ainsi a-t-on pu voir la sorci\u00e8re Baba Yaga voler sur son balai dans le Cantorama et revenir dans sa Cabane sur des pattes de poule. Et on a pu assister au Ballet des poussins dans leurs coques.<br>L\u2019ap\u00e9ritif offert apr\u00e8s le concert a permis un contact chaleureux entre les auditeurs et les musiciennes. Un bon moment.<\/p>\n<\/div>\n<\/div>\n\n\n\n<div class=\"wp-block-columns is-layout-flex wp-container-core-columns-is-layout-28f84493 wp-block-columns-is-layout-flex\">\n<div class=\"wp-block-column is-layout-flow wp-block-column-is-layout-flow\" style=\"flex-basis:33.33%\">\n<h3 class=\"wp-block-heading has-text-align-center\">27.06.2020<\/h3>\n\n\n\n<h2 class=\"wp-block-heading has-text-align-center\">Mobile Dixieland Band<\/h2>\n<\/div>\n\n\n\n<div class=\"wp-block-column is-layout-flow wp-block-column-is-layout-flow\" style=\"flex-basis:66.66%\">\nngg_shortcode_4_placeholder\n\n\n\n<p>Es freute uns ausserordentlich, dass die <strong>Mobile Dixieland Band<\/strong> die Herausforderung annahm und das in den USA zur\u00fcckgehaltene Duo Pianistico auf eine wunderbar unkomplizierte Art ersetzte.<br>Das innert drei Wochen organisierte Konzert war ein voller Erfolg. Das Cantorama war gut besetzt und die Konzertbesucher liessen sich von der schwungvollen Musik mitreissen.<br>Die sechs Musiker <strong>Francis Savarioud, Michel Weber, Vincent Lachat, Istvan Varga, Bernard Marmy und Bernard Schwenter<\/strong> \u00fcberzeugten \u2013 jeder f\u00fcr sich \u2013 an ihren Instrumenten und wussten das Publikum mit einem vielseitigen Programm zu \u00fcberzeugen, zu \u00fcberraschen und zu begl\u00fccken. W\u00e4hrend uns Herr Marmy zus\u00e4tzlich mit Wortwitz unterhielt, sorgte Herr Varga mit seinem Waschbrett f\u00fcr einige Lacher.<br>Das Konzert dauerte gute zwei Stunden. Die Musiker zeigten uns damit ihre grosse Freude und Lust am Musizieren, war es doch f\u00fcr einige unter ihnen das erste Konzert seit Mitte M\u00e4rz.<\/p>\n<\/div>\n<\/div>\n\n\n\n<div class=\"wp-block-columns is-layout-flex wp-container-core-columns-is-layout-28f84493 wp-block-columns-is-layout-flex\">\n<div class=\"wp-block-column is-layout-flow wp-block-column-is-layout-flow\" style=\"flex-basis:33.33%\">\n<h3 class=\"wp-block-heading has-text-align-center\">06.06.2020<\/h3>\n\n\n\n<h2 class=\"wp-block-heading has-text-align-center\">Duo Clarion<\/h2>\n<\/div>\n\n\n\n<div class=\"wp-block-column is-layout-flow wp-block-column-is-layout-flow\" style=\"flex-basis:66.66%\">\nngg_shortcode_5_placeholder\n\n\n\n<p>Cela aurait d\u00fb \u00eatre le 3\u00e8me concert de la saison ; nous aurions d\u00fb c\u00e9l\u00e9brer le 250\u00e8me anniversaire de la naissance de Ludwig van Beethoven ; nous aurions d\u00fb accueillir le Trio Clarion, mais le coronavirus en a d\u00e9cid\u00e9 autrement.<br>En respectant au mieux les consignes de s\u00e9curit\u00e9 et les gestes barri\u00e8res, nous avons eu le tr\u00e8s grand plaisir d\u2019applaudir le <strong>Duo Clarion<\/strong> form\u00e9 de <strong>S\u00e9verine Paillet<\/strong> \u00e0 la clarinette et de <strong>Marc Pantillon<\/strong> au piano. Ils nous ont d\u2019abord interpr\u00e9t\u00e9 la Sonate op. 120 Nr. 2, une des derni\u00e8res \u0153uvres de musique de chambre de Johannes Brahms. Puis, nous avons d\u00e9couvert les 3 Fantasiestu\u0308cke op. 73 de Robert Schumann, une sorte de r\u00eaverie musicale en trois mouvements, progressant de l&rsquo;ombre vers la lumi\u00e8re. Enfin, nous avons pu appr\u00e9cier la Sonate pour clarinette et piano de Francis Poulenc qui a d\u00e9di\u00e9 cette partition \u00e0 la m\u00e9moire de son ami Arthur Honegger.<br>Les auditeurs, en plein d\u00e9confinement, avaient envie de musique ; ils \u00e9t\u00e9 servis et bien servis.<\/p>\n<\/div>\n<\/div>\n","protected":false},"excerpt":{"rendered":"<p>Konzertgalerie &#8211; 2020 &#8211; Galerie des concerts < Zur\u00fcck zur Auswahlseite< Retour \u00e0 la page de s\u00e9lection 04.10.2020 Ivo Zurkinden, [&hellip;]\n<\/p>\n","protected":false},"author":3,"featured_media":0,"parent":48,"menu_order":20072020,"comment_status":"closed","ping_status":"closed","template":"","meta":{"site-sidebar-layout":"default","site-content-layout":"","ast-site-content-layout":"","site-content-style":"default","site-sidebar-style":"default","ast-global-header-display":"","ast-banner-title-visibility":"","ast-main-header-display":"","ast-hfb-above-header-display":"","ast-hfb-below-header-display":"","ast-hfb-mobile-header-display":"","site-post-title":"disabled","ast-breadcrumbs-content":"","ast-featured-img":"","footer-sml-layout":"","theme-transparent-header-meta":"","adv-header-id-meta":"","stick-header-meta":"","header-above-stick-meta":"","header-main-stick-meta":"","header-below-stick-meta":"","astra-migrate-meta-layouts":"default","ast-page-background-enabled":"default","ast-page-background-meta":{"desktop":{"background-color":"var(--ast-global-color-4)","background-image":"","background-repeat":"repeat","background-position":"center center","background-size":"auto","background-attachment":"scroll","background-type":"","background-media":"","overlay-type":"","overlay-color":"","overlay-opacity":"","overlay-gradient":""},"tablet":{"background-color":"","background-image":"","background-repeat":"repeat","background-position":"center center","background-size":"auto","background-attachment":"scroll","background-type":"","background-media":"","overlay-type":"","overlay-color":"","overlay-opacity":"","overlay-gradient":""},"mobile":{"background-color":"","background-image":"","background-repeat":"repeat","background-position":"center center","background-size":"auto","background-attachment":"scroll","background-type":"","background-media":"","overlay-type":"","overlay-color":"","overlay-opacity":"","overlay-gradient":""}},"ast-content-background-meta":{"desktop":{"background-color":"var(--ast-global-color-5)","background-image":"","background-repeat":"repeat","background-position":"center center","background-size":"auto","background-attachment":"scroll","background-type":"","background-media":"","overlay-type":"","overlay-color":"","overlay-opacity":"","overlay-gradient":""},"tablet":{"background-color":"var(--ast-global-color-5)","background-image":"","background-repeat":"repeat","background-position":"center center","background-size":"auto","background-attachment":"scroll","background-type":"","background-media":"","overlay-type":"","overlay-color":"","overlay-opacity":"","overlay-gradient":""},"mobile":{"background-color":"var(--ast-global-color-5)","background-image":"","background-repeat":"repeat","background-position":"center center","background-size":"auto","background-attachment":"scroll","background-type":"","background-media":"","overlay-type":"","overlay-color":"","overlay-opacity":"","overlay-gradient":""}},"ngg_post_thumbnail":0,"footnotes":""},"class_list":["post-2264","page","type-page","status-publish","hentry"],"featured_image_src":null,"publishpress_future_action":{"enabled":false,"date":"2026-04-16 08:28:10","action":"change-status","newStatus":"draft","terms":[],"taxonomy":"language","extraData":[]},"publishpress_future_workflow_manual_trigger":{"enabledWorkflows":[]},"_links":{"self":[{"href":"https:\/\/www.cantorama.ch\/fr\/wp-json\/wp\/v2\/pages\/2264","targetHints":{"allow":["GET"]}}],"collection":[{"href":"https:\/\/www.cantorama.ch\/fr\/wp-json\/wp\/v2\/pages"}],"about":[{"href":"https:\/\/www.cantorama.ch\/fr\/wp-json\/wp\/v2\/types\/page"}],"author":[{"embeddable":true,"href":"https:\/\/www.cantorama.ch\/fr\/wp-json\/wp\/v2\/users\/3"}],"replies":[{"embeddable":true,"href":"https:\/\/www.cantorama.ch\/fr\/wp-json\/wp\/v2\/comments?post=2264"}],"version-history":[{"count":0,"href":"https:\/\/www.cantorama.ch\/fr\/wp-json\/wp\/v2\/pages\/2264\/revisions"}],"up":[{"embeddable":true,"href":"https:\/\/www.cantorama.ch\/fr\/wp-json\/wp\/v2\/pages\/48"}],"wp:attachment":[{"href":"https:\/\/www.cantorama.ch\/fr\/wp-json\/wp\/v2\/media?parent=2264"}],"curies":[{"name":"wp","href":"https:\/\/api.w.org\/{rel}","templated":true}]}}